{"id":13237,"date":"2020-01-16T09:59:23","date_gmt":"2020-01-16T14:59:23","guid":{"rendered":"https:\/\/isguardianshipcanada.com\/isgc-hakkinda\/"},"modified":"2020-01-16T09:59:24","modified_gmt":"2020-01-16T14:59:24","slug":"isgc-hakkinda","status":"publish","type":"page","link":"https:\/\/isguardianshipcanada.com\/tr\/isgc-hakkinda\/","title":{"rendered":"ISGC Hakk\u0131nda"},"content":{"rendered":"\t\t<div data-elementor-type=\"wp-post\" data-elementor-id=\"13237\" class=\"elementor elementor-13237 elementor-852\" data-elementor-post-type=\"page\">\n\t\t\t\t\t\t<section class=\"elementor-section elementor-top-section elementor-element elementor-element-94ea50b elementor-section-boxed elementor-section-height-default elementor-section-height-default\" data-id=\"94ea50b\" data-element_type=\"section\" data-e-type=\"section\">\n\t\t\t\t\t\t<div class=\"elementor-container elementor-column-gap-default\">\n\t\t\t\t\t<div class=\"elementor-column elementor-col-100 elementor-top-column elementor-element elementor-element-df1e0b5\" data-id=\"df1e0b5\" data-element_type=\"column\" data-e-type=\"column\">\n\t\t\t<div class=\"elementor-widget-wrap elementor-element-populated\">\n\t\t\t\t\t\t<section class=\"elementor-section elementor-inner-section elementor-element elementor-element-4122441 elementor-section-boxed elementor-section-height-default elementor-section-height-default\" data-id=\"4122441\" data-element_type=\"section\" data-e-type=\"section\">\n\t\t\t\t\t\t<div class=\"elementor-container elementor-column-gap-no\">\n\t\t\t\t\t<div class=\"elementor-column elementor-col-50 elementor-inner-column elementor-element elementor-element-1242dd4\" data-id=\"1242dd4\" data-element_type=\"column\" data-e-type=\"column\">\n\t\t\t<div class=\"elementor-widget-wrap elementor-element-populated\">\n\t\t\t\t\t\t<div class=\"elementor-element elementor-element-4c5dead elementor-widget elementor-widget-heading\" data-id=\"4c5dead\" data-element_type=\"widget\" data-e-type=\"widget\" data-widget_type=\"heading.default\">\n\t\t\t\t<div class=\"elementor-widget-container\">\n\t\t\t\t\t<h1 class=\"elementor-heading-title elementor-size-default\">ISGC Hakk\u0131nda<\/h1>\t\t\t\t<\/div>\n\t\t\t\t<\/div>\n\t\t\t\t\t<\/div>\n\t\t<\/div>\n\t\t\t\t<div class=\"elementor-column elementor-col-50 elementor-inner-column elementor-element elementor-element-b18d72a\" data-id=\"b18d72a\" data-element_type=\"column\" data-e-type=\"column\">\n\t\t\t<div class=\"elementor-widget-wrap elementor-element-populated\">\n\t\t\t\t\t\t<div class=\"elementor-element elementor-element-ffcf6b7 elementor-widget elementor-widget-image\" data-id=\"ffcf6b7\" data-element_type=\"widget\" data-e-type=\"widget\" data-widget_type=\"image.default\">\n\t\t\t\t<div class=\"elementor-widget-container\">\n\t\t\t\t\t\t\t\t\t\t\t\t\t\t\t<img decoding=\"async\" data-attachment-id=\"11718\" data-permalink=\"https:\/\/isguardianshipcanada.com\/tr\/isgc-ogrenci-servisleri\/kids_header-2\/\" data-orig-file=\"https:\/\/isguardianshipcanada.com\/wp-content\/uploads\/2016\/02\/kids_header.png\" data-orig-size=\"262,150\" data-comments-opened=\"0\" data-image-meta=\"{&quot;aperture&quot;:&quot;0&quot;,&quot;credit&quot;:&quot;&quot;,&quot;camera&quot;:&quot;&quot;,&quot;caption&quot;:&quot;&quot;,&quot;created_timestamp&quot;:&quot;0&quot;,&quot;copyright&quot;:&quot;&quot;,&quot;focal_length&quot;:&quot;0&quot;,&quot;iso&quot;:&quot;0&quot;,&quot;shutter_speed&quot;:&quot;0&quot;,&quot;title&quot;:&quot;&quot;,&quot;orientation&quot;:&quot;0&quot;}\" data-image-title=\"kids_header\" data-image-description=\"\" data-image-caption=\"\" data-large-file=\"https:\/\/isguardianshipcanada.com\/wp-content\/uploads\/2016\/02\/kids_header.png\" width=\"262\" height=\"150\" src=\"https:\/\/isguardianshipcanada.com\/wp-content\/uploads\/2016\/02\/kids_header.png\" class=\"attachment-large size-large wp-image-11718\" alt=\"\" data-attachment-id=\"11718\" data-permalink=\"https:\/\/isguardianshipcanada.com\/tr\/isgc-ogrenci-servisleri\/kids_header-2\/\" data-orig-file=\"https:\/\/isguardianshipcanada.com\/wp-content\/uploads\/2016\/02\/kids_header.png\" data-orig-size=\"262,150\" data-comments-opened=\"0\" data-image-meta=\"{&quot;aperture&quot;:&quot;0&quot;,&quot;credit&quot;:&quot;&quot;,&quot;camera&quot;:&quot;&quot;,&quot;caption&quot;:&quot;&quot;,&quot;created_timestamp&quot;:&quot;0&quot;,&quot;copyright&quot;:&quot;&quot;,&quot;focal_length&quot;:&quot;0&quot;,&quot;iso&quot;:&quot;0&quot;,&quot;shutter_speed&quot;:&quot;0&quot;,&quot;title&quot;:&quot;&quot;,&quot;orientation&quot;:&quot;0&quot;}\" data-image-title=\"kids_header\" data-image-description=\"\" data-image-caption=\"\" data-large-file=\"https:\/\/isguardianshipcanada.com\/wp-content\/uploads\/2016\/02\/kids_header.png\" \/>\t\t\t\t\t\t\t\t\t\t\t\t\t\t\t<\/div>\n\t\t\t\t<\/div>\n\t\t\t\t\t<\/div>\n\t\t<\/div>\n\t\t\t\t\t<\/div>\n\t\t<\/section>\n\t\t\t\t\t<\/div>\n\t\t<\/div>\n\t\t\t\t\t<\/div>\n\t\t<\/section>\n\t\t\t\t<section class=\"elementor-section elementor-top-section elementor-element elementor-element-a53f2cf elementor-section-boxed elementor-section-height-default elementor-section-height-default\" data-id=\"a53f2cf\" data-element_type=\"section\" data-e-type=\"section\">\n\t\t\t\t\t\t<div class=\"elementor-container elementor-column-gap-default\">\n\t\t\t\t\t<div class=\"elementor-column elementor-col-100 elementor-top-column elementor-element elementor-element-8b8aefa\" data-id=\"8b8aefa\" data-element_type=\"column\" data-e-type=\"column\">\n\t\t\t<div class=\"elementor-widget-wrap elementor-element-populated\">\n\t\t\t\t\t\t<div class=\"elementor-element elementor-element-0c6d7c8 elementor-widget elementor-widget-heading\" data-id=\"0c6d7c8\" data-element_type=\"widget\" data-e-type=\"widget\" data-widget_type=\"heading.default\">\n\t\t\t\t<div class=\"elementor-widget-container\">\n\t\t\t\t\t<h2 class=\"elementor-heading-title elementor-size-default\">Ba\u015flang\u0131\u00e7<\/h2>\t\t\t\t<\/div>\n\t\t\t\t<\/div>\n\t\t\t\t<div class=\"elementor-element elementor-element-eb93f58 elementor-widget elementor-widget-text-editor\" data-id=\"eb93f58\" data-element_type=\"widget\" data-e-type=\"widget\" data-widget_type=\"text-editor.default\">\n\t\t\t\t<div class=\"elementor-widget-container\">\n\t\t\t\t\t\t\t\t\t<p>2006 y\u0131l\u0131nda Maxim ad\u0131nda 15 ya\u015f\u0131ndaki\u00a0 bir \u00f6\u011frenciyle, uluslararas\u0131 \u00f6\u011frencileri desteklemeye ba\u015flad\u0131k. Maxim&#8217;in ailesi, \u00fclkesinden 7.000 km uzakta okula giderken onu desteklemek i\u00e7in birine ihtiya\u00e7 duydu. Kurucumuz Jaclyn Bryant, Max&#8217;in Kanada&#8217;da ba\u015far\u0131l\u0131 olmas\u0131 i\u00e7in gereken her \u015feye sahip olmas\u0131 i\u00e7in t\u00fcm enerjisiyle \u00e7al\u0131\u015ft\u0131: \u00f6zel bir koruyucu, y\u0131l boyunca g\u00fcvenli bir konaklama ve Kanada&#8217;daki lise e\u011fitimi s\u0131ras\u0131nda kar\u015f\u0131la\u015f\u0131lan di\u011fer zorluklar i\u00e7in destek oldu. Bug\u00fcn ekibimiz dil, k\u00fclt\u00fcr ve din konular\u0131nda farkl\u0131 konumlara sahip 40&#8217;tan fazla \u00fclkeden \u00f6\u011frencilere sahip \u00e7\u0131kmaktad\u0131r. Kanada&#8217;n\u0131n bu kadar farkl\u0131 k\u00fclt\u00fcrle birden tan\u0131\u015fmak i\u00e7in m\u00fckemmel bir yer oldu\u011funa inan\u0131yoruz.<\/p>\n\t\t\t\t\t\t\t\t<\/div>\n\t\t\t\t<\/div>\n\t\t\t\t\t<\/div>\n\t\t<\/div>\n\t\t\t\t\t<\/div>\n\t\t<\/section>\n\t\t\t\t<section class=\"elementor-section elementor-top-section elementor-element elementor-element-d02de19 elementor-section-boxed elementor-section-height-default elementor-section-height-default\" data-id=\"d02de19\" data-element_type=\"section\" data-e-type=\"section\">\n\t\t\t\t\t\t<div class=\"elementor-container elementor-column-gap-default\">\n\t\t\t\t\t<div class=\"elementor-column elementor-col-100 elementor-top-column elementor-element elementor-element-7258aae\" data-id=\"7258aae\" data-element_type=\"column\" data-e-type=\"column\">\n\t\t\t<div class=\"elementor-widget-wrap elementor-element-populated\">\n\t\t\t\t\t\t<div class=\"elementor-element elementor-element-313eb12 elementor-widget elementor-widget-heading\" data-id=\"313eb12\" data-element_type=\"widget\" data-e-type=\"widget\" data-widget_type=\"heading.default\">\n\t\t\t\t<div class=\"elementor-widget-container\">\n\t\t\t\t\t<h2 class=\"elementor-heading-title elementor-size-default\"> De\u011ferlerimiz<\/h2>\t\t\t\t<\/div>\n\t\t\t\t<\/div>\n\t\t\t\t<div class=\"elementor-element elementor-element-579f5c2 elementor-widget elementor-widget-text-editor\" data-id=\"579f5c2\" data-element_type=\"widget\" data-e-type=\"widget\" data-widget_type=\"text-editor.default\">\n\t\t\t\t<div class=\"elementor-widget-container\">\n\t\t\t\t\t\t\t\t\t<p>Son 10 y\u0131lda, \u00f6\u011frencilerimizin Kanada&#8217;daki ba\u015far\u0131s\u0131n\u0131 desteklemek i\u00e7in \u00e7ok \u00f6nemli olan bir dizi temel de\u011fer belirledik.<\/p>\n<ul>\n<li>Eksiksiz m\u00fc\u015fteri hizmeti sunuyoruz<\/li>\n<li>Ba\u015f\u0131ndan sonuna kadar sorunlar\u0131 \u00e7\u00f6z\u00fcme ula\u015ft\u0131r\u0131yoruz<\/li>\n<li>\u00d6\u011frencilerimizin \u00e7\u0131karlar\u0131n\u0131 savunuyoruz<\/li>\n<li>Kanada&#8217;daki uluslararas\u0131 \u00f6\u011frencileri ve e\u011fitimi anl\u0131yoruz<\/li>\n<li><strong>Kanada&#8217;y\u0131 ve d\u00fcnyay\u0131 seviyoruz<\/strong><\/li>\n<\/ul>\n\t\t\t\t\t\t\t\t<\/div>\n\t\t\t\t<\/div>\n\t\t\t\t\t<\/div>\n\t\t<\/div>\n\t\t\t\t\t<\/div>\n\t\t<\/section>\n\t\t\t\t<section class=\"elementor-section elementor-top-section elementor-element elementor-element-d0b19cc elementor-section-boxed elementor-section-height-default elementor-section-height-default\" data-id=\"d0b19cc\" data-element_type=\"section\" data-e-type=\"section\">\n\t\t\t\t\t\t<div class=\"elementor-container elementor-column-gap-default\">\n\t\t\t\t\t<div class=\"elementor-column elementor-col-100 elementor-top-column elementor-element elementor-element-65ef4c1\" data-id=\"65ef4c1\" data-element_type=\"column\" data-e-type=\"column\">\n\t\t\t<div class=\"elementor-widget-wrap elementor-element-populated\">\n\t\t\t\t\t\t<div class=\"elementor-element elementor-element-9055a44 elementor-widget elementor-widget-heading\" data-id=\"9055a44\" data-element_type=\"widget\" data-e-type=\"widget\" data-widget_type=\"heading.default\">\n\t\t\t\t<div class=\"elementor-widget-container\">\n\t\t\t\t\t<h2 class=\"elementor-heading-title elementor-size-default\">Deneyimlerimiz<\/h2>\t\t\t\t<\/div>\n\t\t\t\t<\/div>\n\t\t\t\t<div class=\"elementor-element elementor-element-cc830c7 elementor-widget elementor-widget-text-editor\" data-id=\"cc830c7\" data-element_type=\"widget\" data-e-type=\"widget\" data-widget_type=\"text-editor.default\">\n\t\t\t\t<div class=\"elementor-widget-container\">\n\t\t\t\t\t\t\t\t\t<p>Ekibimizin her \u00fcyesi bir d\u00fcnya gezgini ve kendi \u00fclkesi d\u0131\u015f\u0131nda e\u011fitim deneyimine sahip. Farkl\u0131 k\u00fclt\u00fcrleri bir araya bar\u0131nd\u0131ran Kanadal\u0131 bir ekibiz, g\u00f6\u00e7menler i\u00e7in yeni bir yere entegre olman\u0131n getirdi\u011fi de\u011feri ve zorluklar\u0131 yak\u0131ndan anl\u0131yoruz. Kanada&#8217;n\u0131n d\u00fcnyaya sunduklar\u0131n\u0131 seviyoruz ve uluslararas\u0131 \u00f6\u011frencilerin benzersiz ya\u015fam deneyimlerini payla\u015farak hayatlar\u0131m\u0131z\u0131 ve \u00e7evrelerindeki insanlar\u0131 nas\u0131l zenginle\u015ftirdiklerini biliyoruz. <strong>Bu y\u00fczden yapt\u0131\u011f\u0131m\u0131z i\u015fi seviyoruz. \u0130lk \u00f6\u011frencimiz Maxim&#8217;e ne oldu? E\u011fitimine Kanada&#8217;da devam etti, bizimle ISGC&#8217;de \u00e7al\u0131\u015ft\u0131 ve Kanada g\u00f6\u00e7menli\u011fine ba\u015fvurdu.<\/strong><\/p>\n\t\t\t\t\t\t\t\t<\/div>\n\t\t\t\t<\/div>\n\t\t\t\t\t<\/div>\n\t\t<\/div>\n\t\t\t\t\t<\/div>\n\t\t<\/section>\n\t\t\t\t<\/div>\n\t\t","protected":false},"excerpt":{"rendered":"<p>Ba\u015flang\u0131\u00e7 2006 y\u0131l\u0131nda Maxim ad\u0131nda 15 ya\u015f\u0131ndaki\u00a0 bir \u00f6\u011frenciyle, uluslararas\u0131 \u00f6\u011frencileri desteklemeye ba\u015flad\u0131k. Maxim&#8217;in ailesi, \u00fclkesinden 7.000 km uzakta okula giderken onu desteklemek i\u00e7in birine ihtiya\u00e7 duydu. Kurucumuz Jaclyn Bryant, Max&#8217;in Kanada&#8217;da ba\u015far\u0131l\u0131 olmas\u0131 i\u00e7in gereken her \u015feye sahip olmas\u0131 i\u00e7in t\u00fcm enerjisiyle \u00e7al\u0131\u015ft\u0131: \u00f6zel bir koruyucu, y\u0131l boyunca g\u00fcvenli bir konaklama ve Kanada&#8217;daki lise [&hellip;]<\/p>\n","protected":false},"author":2,"featured_media":0,"parent":0,"menu_order":0,"comment_status":"closed","ping_status":"closed","template":"","meta":{"_acf_changed":false,"ocean_post_layout":"","ocean_both_sidebars_style":"","ocean_both_sidebars_content_width":0,"ocean_both_sidebars_sidebars_width":0,"ocean_sidebar":"0","ocean_second_sidebar":"0","ocean_disable_margins":"enable","ocean_add_body_class":"","ocean_shortcode_before_top_bar":"","ocean_shortcode_after_top_bar":"","ocean_shortcode_before_header":"","ocean_shortcode_after_header":"","ocean_has_shortcode":"","ocean_shortcode_after_title":"","ocean_shortcode_before_footer_widgets":"","ocean_shortcode_after_footer_widgets":"","ocean_shortcode_before_footer_bottom":"","ocean_shortcode_after_footer_bottom":"","ocean_display_top_bar":"default","ocean_display_header":"default","ocean_header_style":"","ocean_center_header_left_menu":"0","ocean_custom_header_template":"0","ocean_custom_logo":0,"ocean_custom_retina_logo":0,"ocean_custom_logo_max_width":0,"ocean_custom_logo_tablet_max_width":0,"ocean_custom_logo_mobile_max_width":0,"ocean_custom_logo_max_height":0,"ocean_custom_logo_tablet_max_height":0,"ocean_custom_logo_mobile_max_height":0,"ocean_header_custom_menu":"0","ocean_menu_typo_font_family":"0","ocean_menu_typo_font_subset":"","ocean_menu_typo_font_size":0,"ocean_menu_typo_font_size_tablet":0,"ocean_menu_typo_font_size_mobile":0,"ocean_menu_typo_font_size_unit":"px","ocean_menu_typo_font_weight":"","ocean_menu_typo_font_weight_tablet":"","ocean_menu_typo_font_weight_mobile":"","ocean_menu_typo_transform":"","ocean_menu_typo_transform_tablet":"","ocean_menu_typo_transform_mobile":"","ocean_menu_typo_line_height":0,"ocean_menu_typo_line_height_tablet":0,"ocean_menu_typo_line_height_mobile":0,"ocean_menu_typo_line_height_unit":"","ocean_menu_typo_spacing":0,"ocean_menu_typo_spacing_tablet":0,"ocean_menu_typo_spacing_mobile":0,"ocean_menu_typo_spacing_unit":"","ocean_menu_link_color":"","ocean_menu_link_color_hover":"","ocean_menu_link_color_active":"","ocean_menu_link_background":"","ocean_menu_link_hover_background":"","ocean_menu_link_active_background":"","ocean_menu_social_links_bg":"","ocean_menu_social_hover_links_bg":"","ocean_menu_social_links_color":"","ocean_menu_social_hover_links_color":"","ocean_disable_title":"default","ocean_disable_heading":"default","ocean_post_title":"","ocean_post_subheading":"","ocean_post_title_style":"","ocean_post_title_background_color":"","ocean_post_title_background":0,"ocean_post_title_bg_image_position":"","ocean_post_title_bg_image_attachment":"","ocean_post_title_bg_image_repeat":"","ocean_post_title_bg_image_size":"","ocean_post_title_height":0,"ocean_post_title_bg_overlay":0.5,"ocean_post_title_bg_overlay_color":"","ocean_disable_breadcrumbs":"default","ocean_breadcrumbs_color":"","ocean_breadcrumbs_separator_color":"","ocean_breadcrumbs_links_color":"","ocean_breadcrumbs_links_hover_color":"","ocean_display_footer_widgets":"default","ocean_display_footer_bottom":"default","ocean_custom_footer_template":"0","jetpack_post_was_ever_published":false,"footnotes":""},"categories":[],"tags":[],"class_list":["post-13237","page","type-page","status-publish","hentry","entry","owp-thumbs-layout-horizontal","owp-btn-normal","owp-tabs-layout-horizontal","has-no-thumbnails","has-product-nav"],"acf":[],"yoast_head":"<!-- This site is optimized with the Yoast SEO plugin v27.5 - https:\/\/yoast.com\/product\/yoast-seo-wordpress\/ -->\n<title>ISGC Hakk\u0131nda - International Student Guardianship Canada<\/title>\n<meta name=\"robots\" content=\"index, follow, max-snippet:-1, max-image-preview:large, max-video-preview:-1\" \/>\n<link rel=\"canonical\" href=\"https:\/\/isguardianshipcanada.com\/tr\/isgc-hakkinda\/\" \/>\n<meta property=\"og:locale\" content=\"tr_TR\" \/>\n<meta property=\"og:type\" content=\"article\" \/>\n<meta property=\"og:title\" content=\"ISGC Hakk\u0131nda - International Student Guardianship Canada\" \/>\n<meta property=\"og:description\" content=\"Ba\u015flang\u0131\u00e7 2006 y\u0131l\u0131nda Maxim ad\u0131nda 15 ya\u015f\u0131ndaki\u00a0 bir \u00f6\u011frenciyle, uluslararas\u0131 \u00f6\u011frencileri desteklemeye ba\u015flad\u0131k. Maxim&#8217;in ailesi, \u00fclkesinden 7.000 km uzakta okula giderken onu desteklemek i\u00e7in birine ihtiya\u00e7 duydu. Kurucumuz Jaclyn Bryant, Max&#8217;in Kanada&#8217;da ba\u015far\u0131l\u0131 olmas\u0131 i\u00e7in gereken her \u015feye sahip olmas\u0131 i\u00e7in t\u00fcm enerjisiyle \u00e7al\u0131\u015ft\u0131: \u00f6zel bir koruyucu, y\u0131l boyunca g\u00fcvenli bir konaklama ve Kanada&#8217;daki lise [&hellip;]\" \/>\n<meta property=\"og:url\" content=\"https:\/\/isguardianshipcanada.com\/tr\/isgc-hakkinda\/\" \/>\n<meta property=\"og:site_name\" content=\"International Student Guardianship Canada\" \/>\n<meta property=\"article:modified_time\" content=\"2020-01-16T14:59:24+00:00\" \/>\n<meta property=\"og:image\" content=\"https:\/\/isguardianshipcanada.com\/wp-content\/uploads\/2016\/02\/kids_header.png\" \/>\n<meta name=\"twitter:card\" content=\"summary_large_image\" \/>\n<meta name=\"twitter:label1\" content=\"Tahmini okuma s\u00fcresi\" \/>\n\t<meta name=\"twitter:data1\" content=\"1 dakika\" \/>\n<script type=\"application\/ld+json\" class=\"yoast-schema-graph\">{\"@context\":\"https:\\\/\\\/schema.org\",\"@graph\":[{\"@type\":\"WebPage\",\"@id\":\"https:\\\/\\\/isguardianshipcanada.com\\\/tr\\\/isgc-hakkinda\\\/\",\"url\":\"https:\\\/\\\/isguardianshipcanada.com\\\/tr\\\/isgc-hakkinda\\\/\",\"name\":\"ISGC Hakk\u0131nda - International Student Guardianship Canada\",\"isPartOf\":{\"@id\":\"https:\\\/\\\/isguardianshipcanada.com\\\/tr\\\/#website\"},\"primaryImageOfPage\":{\"@id\":\"https:\\\/\\\/isguardianshipcanada.com\\\/tr\\\/isgc-hakkinda\\\/#primaryimage\"},\"image\":{\"@id\":\"https:\\\/\\\/isguardianshipcanada.com\\\/tr\\\/isgc-hakkinda\\\/#primaryimage\"},\"thumbnailUrl\":\"https:\\\/\\\/isguardianshipcanada.com\\\/wp-content\\\/uploads\\\/2016\\\/02\\\/kids_header.png\",\"datePublished\":\"2020-01-16T14:59:23+00:00\",\"dateModified\":\"2020-01-16T14:59:24+00:00\",\"breadcrumb\":{\"@id\":\"https:\\\/\\\/isguardianshipcanada.com\\\/tr\\\/isgc-hakkinda\\\/#breadcrumb\"},\"inLanguage\":\"tr\",\"potentialAction\":[{\"@type\":\"ReadAction\",\"target\":[\"https:\\\/\\\/isguardianshipcanada.com\\\/tr\\\/isgc-hakkinda\\\/\"]}]},{\"@type\":\"ImageObject\",\"inLanguage\":\"tr\",\"@id\":\"https:\\\/\\\/isguardianshipcanada.com\\\/tr\\\/isgc-hakkinda\\\/#primaryimage\",\"url\":\"https:\\\/\\\/isguardianshipcanada.com\\\/wp-content\\\/uploads\\\/2016\\\/02\\\/kids_header.png\",\"contentUrl\":\"https:\\\/\\\/isguardianshipcanada.com\\\/wp-content\\\/uploads\\\/2016\\\/02\\\/kids_header.png\"},{\"@type\":\"BreadcrumbList\",\"@id\":\"https:\\\/\\\/isguardianshipcanada.com\\\/tr\\\/isgc-hakkinda\\\/#breadcrumb\",\"itemListElement\":[{\"@type\":\"ListItem\",\"position\":1,\"name\":\"Home\",\"item\":\"https:\\\/\\\/isguardianshipcanada.com\\\/tr\\\/\"},{\"@type\":\"ListItem\",\"position\":2,\"name\":\"ISGC Hakk\u0131nda\"}]},{\"@type\":\"WebSite\",\"@id\":\"https:\\\/\\\/isguardianshipcanada.com\\\/tr\\\/#website\",\"url\":\"https:\\\/\\\/isguardianshipcanada.com\\\/tr\\\/\",\"name\":\"International Student Guardianship Canada\",\"description\":\"Supporting International Students in Canada\",\"publisher\":{\"@id\":\"https:\\\/\\\/isguardianshipcanada.com\\\/tr\\\/#organization\"},\"potentialAction\":[{\"@type\":\"SearchAction\",\"target\":{\"@type\":\"EntryPoint\",\"urlTemplate\":\"https:\\\/\\\/isguardianshipcanada.com\\\/tr\\\/?s={search_term_string}\"},\"query-input\":{\"@type\":\"PropertyValueSpecification\",\"valueRequired\":true,\"valueName\":\"search_term_string\"}}],\"inLanguage\":\"tr\"},{\"@type\":\"Organization\",\"@id\":\"https:\\\/\\\/isguardianshipcanada.com\\\/tr\\\/#organization\",\"name\":\"International Student Guardianship Canada Inc.\",\"url\":\"https:\\\/\\\/isguardianshipcanada.com\\\/tr\\\/\",\"logo\":{\"@type\":\"ImageObject\",\"inLanguage\":\"tr\",\"@id\":\"https:\\\/\\\/isguardianshipcanada.com\\\/tr\\\/#\\\/schema\\\/logo\\\/image\\\/\",\"url\":\"https:\\\/\\\/isguardianshipcanada.com\\\/wp-content\\\/uploads\\\/2016\\\/01\\\/ISGC-Logo-e1453410222848.jpg\",\"contentUrl\":\"https:\\\/\\\/isguardianshipcanada.com\\\/wp-content\\\/uploads\\\/2016\\\/01\\\/ISGC-Logo-e1453410222848.jpg\",\"width\":75,\"height\":67,\"caption\":\"International Student Guardianship Canada Inc.\"},\"image\":{\"@id\":\"https:\\\/\\\/isguardianshipcanada.com\\\/tr\\\/#\\\/schema\\\/logo\\\/image\\\/\"}}]}<\/script>\n<!-- \/ Yoast SEO plugin. -->","yoast_head_json":{"title":"ISGC Hakk\u0131nda - International Student Guardianship Canada","robots":{"index":"index","follow":"follow","max-snippet":"max-snippet:-1","max-image-preview":"max-image-preview:large","max-video-preview":"max-video-preview:-1"},"canonical":"https:\/\/isguardianshipcanada.com\/tr\/isgc-hakkinda\/","og_locale":"tr_TR","og_type":"article","og_title":"ISGC Hakk\u0131nda - International Student Guardianship Canada","og_description":"Ba\u015flang\u0131\u00e7 2006 y\u0131l\u0131nda Maxim ad\u0131nda 15 ya\u015f\u0131ndaki\u00a0 bir \u00f6\u011frenciyle, uluslararas\u0131 \u00f6\u011frencileri desteklemeye ba\u015flad\u0131k. Maxim&#8217;in ailesi, \u00fclkesinden 7.000 km uzakta okula giderken onu desteklemek i\u00e7in birine ihtiya\u00e7 duydu. Kurucumuz Jaclyn Bryant, Max&#8217;in Kanada&#8217;da ba\u015far\u0131l\u0131 olmas\u0131 i\u00e7in gereken her \u015feye sahip olmas\u0131 i\u00e7in t\u00fcm enerjisiyle \u00e7al\u0131\u015ft\u0131: \u00f6zel bir koruyucu, y\u0131l boyunca g\u00fcvenli bir konaklama ve Kanada&#8217;daki lise [&hellip;]","og_url":"https:\/\/isguardianshipcanada.com\/tr\/isgc-hakkinda\/","og_site_name":"International Student Guardianship Canada","article_modified_time":"2020-01-16T14:59:24+00:00","og_image":[{"url":"https:\/\/isguardianshipcanada.com\/wp-content\/uploads\/2016\/02\/kids_header.png","type":"","width":"","height":""}],"twitter_card":"summary_large_image","twitter_misc":{"Tahmini okuma s\u00fcresi":"1 dakika"},"schema":{"@context":"https:\/\/schema.org","@graph":[{"@type":"WebPage","@id":"https:\/\/isguardianshipcanada.com\/tr\/isgc-hakkinda\/","url":"https:\/\/isguardianshipcanada.com\/tr\/isgc-hakkinda\/","name":"ISGC Hakk\u0131nda - International Student Guardianship Canada","isPartOf":{"@id":"https:\/\/isguardianshipcanada.com\/tr\/#website"},"primaryImageOfPage":{"@id":"https:\/\/isguardianshipcanada.com\/tr\/isgc-hakkinda\/#primaryimage"},"image":{"@id":"https:\/\/isguardianshipcanada.com\/tr\/isgc-hakkinda\/#primaryimage"},"thumbnailUrl":"https:\/\/isguardianshipcanada.com\/wp-content\/uploads\/2016\/02\/kids_header.png","datePublished":"2020-01-16T14:59:23+00:00","dateModified":"2020-01-16T14:59:24+00:00","breadcrumb":{"@id":"https:\/\/isguardianshipcanada.com\/tr\/isgc-hakkinda\/#breadcrumb"},"inLanguage":"tr","potentialAction":[{"@type":"ReadAction","target":["https:\/\/isguardianshipcanada.com\/tr\/isgc-hakkinda\/"]}]},{"@type":"ImageObject","inLanguage":"tr","@id":"https:\/\/isguardianshipcanada.com\/tr\/isgc-hakkinda\/#primaryimage","url":"https:\/\/isguardianshipcanada.com\/wp-content\/uploads\/2016\/02\/kids_header.png","contentUrl":"https:\/\/isguardianshipcanada.com\/wp-content\/uploads\/2016\/02\/kids_header.png"},{"@type":"BreadcrumbList","@id":"https:\/\/isguardianshipcanada.com\/tr\/isgc-hakkinda\/#breadcrumb","itemListElement":[{"@type":"ListItem","position":1,"name":"Home","item":"https:\/\/isguardianshipcanada.com\/tr\/"},{"@type":"ListItem","position":2,"name":"ISGC Hakk\u0131nda"}]},{"@type":"WebSite","@id":"https:\/\/isguardianshipcanada.com\/tr\/#website","url":"https:\/\/isguardianshipcanada.com\/tr\/","name":"International Student Guardianship Canada","description":"Supporting International Students in Canada","publisher":{"@id":"https:\/\/isguardianshipcanada.com\/tr\/#organization"},"potentialAction":[{"@type":"SearchAction","target":{"@type":"EntryPoint","urlTemplate":"https:\/\/isguardianshipcanada.com\/tr\/?s={search_term_string}"},"query-input":{"@type":"PropertyValueSpecification","valueRequired":true,"valueName":"search_term_string"}}],"inLanguage":"tr"},{"@type":"Organization","@id":"https:\/\/isguardianshipcanada.com\/tr\/#organization","name":"International Student Guardianship Canada Inc.","url":"https:\/\/isguardianshipcanada.com\/tr\/","logo":{"@type":"ImageObject","inLanguage":"tr","@id":"https:\/\/isguardianshipcanada.com\/tr\/#\/schema\/logo\/image\/","url":"https:\/\/isguardianshipcanada.com\/wp-content\/uploads\/2016\/01\/ISGC-Logo-e1453410222848.jpg","contentUrl":"https:\/\/isguardianshipcanada.com\/wp-content\/uploads\/2016\/01\/ISGC-Logo-e1453410222848.jpg","width":75,"height":67,"caption":"International Student Guardianship Canada Inc."},"image":{"@id":"https:\/\/isguardianshipcanada.com\/tr\/#\/schema\/logo\/image\/"}}]}},"jetpack_sharing_enabled":true,"jetpack_shortlink":"https:\/\/wp.me\/PeW0RC-3rv","jetpack_likes_enabled":true,"_links":{"self":[{"href":"https:\/\/isguardianshipcanada.com\/tr\/wp-json\/wp\/v2\/pages\/13237","targetHints":{"allow":["GET"]}}],"collection":[{"href":"https:\/\/isguardianshipcanada.com\/tr\/wp-json\/wp\/v2\/pages"}],"about":[{"href":"https:\/\/isguardianshipcanada.com\/tr\/wp-json\/wp\/v2\/types\/page"}],"author":[{"embeddable":true,"href":"https:\/\/isguardianshipcanada.com\/tr\/wp-json\/wp\/v2\/users\/2"}],"replies":[{"embeddable":true,"href":"https:\/\/isguardianshipcanada.com\/tr\/wp-json\/wp\/v2\/comments?post=13237"}],"version-history":[{"count":5,"href":"https:\/\/isguardianshipcanada.com\/tr\/wp-json\/wp\/v2\/pages\/13237\/revisions"}],"predecessor-version":[{"id":13242,"href":"https:\/\/isguardianshipcanada.com\/tr\/wp-json\/wp\/v2\/pages\/13237\/revisions\/13242"}],"wp:attachment":[{"href":"https:\/\/isguardianshipcanada.com\/tr\/wp-json\/wp\/v2\/media?parent=13237"}],"wp:term":[{"taxonomy":"category","embeddable":true,"href":"https:\/\/isguardianshipcanada.com\/tr\/wp-json\/wp\/v2\/categories?post=13237"},{"taxonomy":"post_tag","embeddable":true,"href":"https:\/\/isguardianshipcanada.com\/tr\/wp-json\/wp\/v2\/tags?post=13237"}],"curies":[{"name":"wp","href":"https:\/\/api.w.org\/{rel}","templated":true}]}}