{"id":12777,"date":"2019-12-20T17:23:03","date_gmt":"2019-12-20T22:23:03","guid":{"rendered":"https:\/\/isguardianshipcanada.com\/isgc-aile-yani-konaklama\/isgc-ile-host-aile-olun\/"},"modified":"2019-12-20T17:23:04","modified_gmt":"2019-12-20T22:23:04","slug":"isgc-ile-host-aile-olun","status":"publish","type":"page","link":"https:\/\/isguardianshipcanada.com\/tr\/isgc-aile-yani-konaklama\/isgc-ile-host-aile-olun\/","title":{"rendered":"ISGC ile Host Aile Olun"},"content":{"rendered":"<h3>\u00d6\u011eRENC\u0130LER\u0130 EV\u0130N\u0130ZDE A\u011eIRLAMAK MUHTE\u015eEM B\u0130R DENEY\u0130M!<\/h3>\t\t\n\t\t\t<h3>Bize Kat\u0131l\u0131n!<\/h3>\t\t\n\t\t<p><strong>ISGC ile host aile olmaya g\u00f6sterdi\u011finiz ilgi i\u00e7in te\u015fekk\u00fcr ederiz!<\/strong> 2006 y\u0131l\u0131ndan bu yana lise, \u00fcniversite, kolej ve yaz \u00f6\u011frencileri i\u00e7in aile yan\u0131nda konaklama sa\u011fl\u0131yoruz. Uluslararas\u0131 \u00f6\u011frencilerimiz Kanadal\u0131 bir aileyle ya\u015fam\u0131n tad\u0131n\u0131 \u00e7\u0131karmak, \u0130ngilizce becerilerini geli\u015ftirmek ve Kanada k\u00fclt\u00fcr\u00fcn\u00fc g\u00fcvenli bir \u015fekilde ya\u015famaktad\u0131rlar. L\u00dcTFEN A\u015eA\u011eIDAK\u0130 FORMU DOLDURUN!<\/p>\n\t\t\t\t\t\t\t\t\t\t<img fetchpriority=\"high\" decoding=\"async\" width=\"1080\" height=\"720\" src=\"https:\/\/isguardianshipcanada.com\/wp-content\/uploads\/2016\/03\/Extended-family-smiling-in-the-park-000069571877_Large-1080x720.jpg\" alt=\"\" \/>\t\t\t\t\t\t\t\t\t\t\t\n\t\t<p><\/p>\n<p><strong>Host ailelerimizden beklentimiz:<\/strong><\/p>\n<ul>\n<li>Temiz, sevecen, arkada\u015f canl\u0131s\u0131 ve sa\u011fl\u0131kl\u0131 bir ortam<\/li>\n<li>Sab\u0131rl\u0131, d\u00fc\u015f\u00fcnceli, k\u00fclt\u00fcrel a\u00e7\u0131dan duyarl\u0131 bireyler<\/li>\n<li>\u00d6\u011frencileriyle ge\u00e7irecek zaman\u0131 olan bir aile<\/li>\n<\/ul>\n<p><strong>ISGC host ailesinin \u00f6\u011frencilerine sa\u011flamas\u0131 gerekenler:<\/strong><\/p>\n<ul>\n<li>Mobilyal\u0131 \u00f6zel yatak odas\u0131 (pencere, yatak, masa ve sandalye, \u00e7ar\u015faflar, havlular, dolap)<\/li>\n<li>\u0130ngilizce konu\u015fan bir ortam, aile \u00fcyeleriyle ileti\u015fim<\/li>\n<li>Besleyici yemekler (g\u00fcnde 3 \u00f6\u011f\u00fcn + at\u0131\u015ft\u0131rmal\u0131klar)<\/li>\n<li>Toplu ta\u015f\u0131maya eri\u015fim ve talimat<\/li>\n<li>\u00d6\u011frencilerin konu\u015fma, misafirperverlik ve \u00f6\u011frenme f\u0131rsat\u0131na sahip olacaklar\u0131 samimi bir ev.<\/li>\n<\/ul>\n<p><strong>ISGC host ailelere nas\u0131l yard\u0131m eder:<\/strong><\/p>\n<ul>\n<li>Ayl\u0131k gelir<\/li>\n<li>ISGC Ekibinden y\u00f6nlendirme ve destek &amp; 24 saat acil destek<\/li>\n<li>Bir \u00f6\u011frencinin hayat\u0131n\u0131 zenginle\u015ftirirken ailenizin geleneklerini payla\u015fma \u015fans\u0131<\/li>\n<li>Ba\u015fka bir k\u00fclt\u00fcr ile etkile\u015fim<\/li>\n<\/ul>\n<p dir=\"ltr\"><strong>Ba\u015fvuru s\u0131ras\u0131nda hangi belgeler istenecektir:<\/strong><\/p>\n<ul>\n<li>Polis Kontrol\u00fc (18 ya\u015f\u0131n \u00fczerindeki evdeki t\u00fcm yeti\u015fkinler i\u00e7in &#8211; masraflar\u0131 size ait olmak \u00fczere, her 2 y\u0131lda bir yenilenir)<\/li>\n<li>Ula\u015ft\u0131rma Bakanl\u0131\u011f\u0131&#8217;ndan 3 y\u0131ll\u0131k S\u00fcr\u00fcc\u00fc Kayd\u0131 (evdeki t\u00fcm s\u00fcr\u00fcc\u00fcler i\u00e7in &#8211; masraflar\u0131 kendisine ait olmak \u00fczere, her 3 y\u0131lda bir yenilenir)<\/li>\n<li>Kimlik belgesi (18 ya\u015f\u0131n \u00fczerindeki evdeki t\u00fcm yeti\u015fkinler i\u00e7in)<\/li>\n<li>Banka hesap bilgileri<\/li>\n<\/ul>\n<p dir=\"ltr\"><strong>Bir \u00f6\u011frenciyi a\u011f\u0131rlamadan \u00f6nce hangi belgeler gerekli olacakt\u0131r:<\/strong><\/p>\n<ul>\n<li>Host Aile S\u00f6zle\u015fmesi (y\u0131ll\u0131k olarak yenilenir)<\/li>\n<li>\u00c7ocuk \u0130stismar\u0131 Politikas\u0131 (y\u0131ll\u0131k olarak yenilenir)<\/li>\n<li>Yang\u0131n G\u00fcvenli\u011fi Kontrol Listesi (y\u0131ll\u0131k olarak yenilenir)<\/li>\n<\/ul>\n<p><strong>\u015eu b\u00f6lgelerdeki ailelerle aktif olarak \u00e7al\u0131\u015f\u0131yoruz:<\/strong> <strong>ONTARIO<\/strong><\/p>\n<ul>\n<li>Ottawa +\u00e7evresi<\/li>\n<li>Kitchener-Waterloo, Guelph, ve \u00e7evresi<\/li>\n<li>Halton region (Burlington, Oakville, Milton)<\/li>\n<li>Mississauga<\/li>\n<li>Toronto &amp; GTA (Scarborough, North York, Etobicoke) <\/li>\n<li>Vaughan &amp; King City<\/li>\n<li>Woodbridge ve \u00e7evresi<\/li>\n<\/ul>\n<p>Kanada sevgilerini ziyaret\u00e7ilerle payla\u015fmak ve evlerinde uluslararas\u0131 bir \u00f6\u011frenciye sahip olman\u0131n hayatlar\u0131n\u0131 zenginle\u015ftirece\u011fine inanan bir\u00e7ok farkl\u0131 k\u00fclt\u00fcrden gelen kaliteli ev sahipleri ar\u0131yoruz. Sizden haber almay\u0131 d\u00f6rt g\u00f6zle bekliyoruz. Te\u015fekk\u00fcrler, <strong>ISGC Ekibi<\/strong><\/p>\n<h3>NEW HOST FAMILY INQUIRY FORM<\/h3>\n\n <label for=\"insightly_firstName\">First Name: <\/label> <label for=\"insightly_lastName\">Last Name: <\/label> <label for=\"email\">Email: <\/label> <label for=\"phone\">Phone: <\/label> <label for=\"MobilePhone\">Phone (Mobile): <\/label> <label for=\"AddressStreet\">Address (# and Street): <\/label> <label for=\"AddressCity\">City: <\/label> <label for=\"AddressState\">State\/Province: <\/label> <label for=\"AddressPostCode\">Postal Code: <\/label>\n<p><label for=\"insightly_LEAD_FIELD_10\">Hosting Experience: <\/label>I have hosted in the pastI am currently hostingI have never hosted before\u2014<label for=\"insightly_LEAD_FIELD_11\">When are you available to host? <\/label>IMMEDIATELY \u2013 as soon as my family has been approvedSOON \u2013 I am would like to discuss my family\u2019s availability\u2014<label for=\"insightly_LEAD_FIELD_7\">Available to host full time students? <\/label> <label for=\"insightly_LEAD_FIELD_8\">Available to host short term students? <\/label> <label for=\"insightly_LEAD_FIELD_9\">Available to host summer students? <\/label> <label for=\"insightly_LEAD_FIELD_12\">ISGC requires an annual police check from all adults living in your home. Are you willing to provide this? <\/label>YesNo\u2014<label for=\"insightly_LEAD_FIELD_13\">How did you hear about the ISGC Homestay Program? <\/label>FacebookGoogleAn ISGC Host FamilyOther   ","protected":false},"excerpt":{"rendered":"<p>\u00d6\u011eRENC\u0130LER\u0130 EV\u0130N\u0130ZDE A\u011eIRLAMAK MUHTE\u015eEM B\u0130R DENEY\u0130M! Bize Kat\u0131l\u0131n! ISGC ile host aile olmaya g\u00f6sterdi\u011finiz ilgi i\u00e7in te\u015fekk\u00fcr ederiz! 2006 y\u0131l\u0131ndan bu yana lise, \u00fcniversite, kolej ve yaz \u00f6\u011frencileri i\u00e7in aile yan\u0131nda konaklama sa\u011fl\u0131yoruz. Uluslararas\u0131 \u00f6\u011frencilerimiz Kanadal\u0131 bir aileyle ya\u015fam\u0131n tad\u0131n\u0131 \u00e7\u0131karmak, \u0130ngilizce becerilerini geli\u015ftirmek ve Kanada k\u00fclt\u00fcr\u00fcn\u00fc g\u00fcvenli bir \u015fekilde ya\u015famaktad\u0131rlar. L\u00dcTFEN A\u015eA\u011eIDAK\u0130 FORMU DOLDURUN!<\/p>\n","protected":false},"author":2,"featured_media":12460,"parent":12652,"menu_order":0,"comment_status":"closed","ping_status":"closed","template":"","meta":{"_acf_changed":false,"ocean_post_layout":"","ocean_both_sidebars_style":"","ocean_both_sidebars_content_width":0,"ocean_both_sidebars_sidebars_width":0,"ocean_sidebar":"0","ocean_second_sidebar":"0","ocean_disable_margins":"enable","ocean_add_body_class":"","ocean_shortcode_before_top_bar":"","ocean_shortcode_after_top_bar":"","ocean_shortcode_before_header":"","ocean_shortcode_after_header":"","ocean_has_shortcode":"","ocean_shortcode_after_title":"","ocean_shortcode_before_footer_widgets":"","ocean_shortcode_after_footer_widgets":"","ocean_shortcode_before_footer_bottom":"","ocean_shortcode_after_footer_bottom":"","ocean_display_top_bar":"default","ocean_display_header":"default","ocean_header_style":"","ocean_center_header_left_menu":"0","ocean_custom_header_template":"0","ocean_custom_logo":0,"ocean_custom_retina_logo":0,"ocean_custom_logo_max_width":0,"ocean_custom_logo_tablet_max_width":0,"ocean_custom_logo_mobile_max_width":0,"ocean_custom_logo_max_height":0,"ocean_custom_logo_tablet_max_height":0,"ocean_custom_logo_mobile_max_height":0,"ocean_header_custom_menu":"0","ocean_menu_typo_font_family":"0","ocean_menu_typo_font_subset":"","ocean_menu_typo_font_size":0,"ocean_menu_typo_font_size_tablet":0,"ocean_menu_typo_font_size_mobile":0,"ocean_menu_typo_font_size_unit":"px","ocean_menu_typo_font_weight":"","ocean_menu_typo_font_weight_tablet":"","ocean_menu_typo_font_weight_mobile":"","ocean_menu_typo_transform":"","ocean_menu_typo_transform_tablet":"","ocean_menu_typo_transform_mobile":"","ocean_menu_typo_line_height":0,"ocean_menu_typo_line_height_tablet":0,"ocean_menu_typo_line_height_mobile":0,"ocean_menu_typo_line_height_unit":"","ocean_menu_typo_spacing":0,"ocean_menu_typo_spacing_tablet":0,"ocean_menu_typo_spacing_mobile":0,"ocean_menu_typo_spacing_unit":"","ocean_menu_link_color":"","ocean_menu_link_color_hover":"","ocean_menu_link_color_active":"","ocean_menu_link_background":"","ocean_menu_link_hover_background":"","ocean_menu_link_active_background":"","ocean_menu_social_links_bg":"","ocean_menu_social_hover_links_bg":"","ocean_menu_social_links_color":"","ocean_menu_social_hover_links_color":"","ocean_disable_title":"default","ocean_disable_heading":"default","ocean_post_title":"","ocean_post_subheading":"","ocean_post_title_style":"","ocean_post_title_background_color":"","ocean_post_title_background":0,"ocean_post_title_bg_image_position":"","ocean_post_title_bg_image_attachment":"","ocean_post_title_bg_image_repeat":"","ocean_post_title_bg_image_size":"","ocean_post_title_height":0,"ocean_post_title_bg_overlay":0.5,"ocean_post_title_bg_overlay_color":"","ocean_disable_breadcrumbs":"default","ocean_breadcrumbs_color":"","ocean_breadcrumbs_separator_color":"","ocean_breadcrumbs_links_color":"","ocean_breadcrumbs_links_hover_color":"","ocean_display_footer_widgets":"default","ocean_display_footer_bottom":"default","ocean_custom_footer_template":"0","jetpack_post_was_ever_published":false,"footnotes":""},"categories":[],"tags":[],"class_list":["post-12777","page","type-page","status-publish","has-post-thumbnail","hentry","entry","has-media","owp-thumbs-layout-horizontal","owp-btn-normal","owp-tabs-layout-horizontal","has-no-thumbnails","has-product-nav"],"acf":[],"yoast_head":"<!-- This site is optimized with the Yoast SEO plugin v27.5 - https:\/\/yoast.com\/product\/yoast-seo-wordpress\/ -->\n<title>ISGC ile Host Aile Olun - International Student Guardianship Canada<\/title>\n<meta name=\"robots\" content=\"index, follow, max-snippet:-1, max-image-preview:large, max-video-preview:-1\" \/>\n<link rel=\"canonical\" href=\"https:\/\/isguardianshipcanada.com\/tr\/isgc-aile-yani-konaklama\/isgc-ile-host-aile-olun\/\" \/>\n<meta property=\"og:locale\" content=\"tr_TR\" \/>\n<meta property=\"og:type\" content=\"article\" \/>\n<meta property=\"og:title\" content=\"ISGC ile Host Aile Olun - International Student Guardianship Canada\" \/>\n<meta property=\"og:description\" content=\"\u00d6\u011eRENC\u0130LER\u0130 EV\u0130N\u0130ZDE A\u011eIRLAMAK MUHTE\u015eEM B\u0130R DENEY\u0130M! Bize Kat\u0131l\u0131n! ISGC ile host aile olmaya g\u00f6sterdi\u011finiz ilgi i\u00e7in te\u015fekk\u00fcr ederiz! 2006 y\u0131l\u0131ndan bu yana lise, \u00fcniversite, kolej ve yaz \u00f6\u011frencileri i\u00e7in aile yan\u0131nda konaklama sa\u011fl\u0131yoruz. Uluslararas\u0131 \u00f6\u011frencilerimiz Kanadal\u0131 bir aileyle ya\u015fam\u0131n tad\u0131n\u0131 \u00e7\u0131karmak, \u0130ngilizce becerilerini geli\u015ftirmek ve Kanada k\u00fclt\u00fcr\u00fcn\u00fc g\u00fcvenli bir \u015fekilde ya\u015famaktad\u0131rlar. L\u00dcTFEN A\u015eA\u011eIDAK\u0130 FORMU DOLDURUN!\" \/>\n<meta property=\"og:url\" content=\"https:\/\/isguardianshipcanada.com\/tr\/isgc-aile-yani-konaklama\/isgc-ile-host-aile-olun\/\" \/>\n<meta property=\"og:site_name\" content=\"International Student Guardianship Canada\" \/>\n<meta property=\"article:modified_time\" content=\"2019-12-20T22:23:04+00:00\" \/>\n<meta property=\"og:image\" content=\"https:\/\/isguardianshipcanada.com\/wp-content\/uploads\/2016\/03\/Extended-family-smiling-in-the-park-000069571877_Large-1080x720.jpg\" \/>\n<meta name=\"twitter:card\" content=\"summary_large_image\" \/>\n<meta name=\"twitter:label1\" content=\"Tahmini okuma s\u00fcresi\" \/>\n\t<meta name=\"twitter:data1\" content=\"3 dakika\" \/>\n<script type=\"application\/ld+json\" class=\"yoast-schema-graph\">{\"@context\":\"https:\\\/\\\/schema.org\",\"@graph\":[{\"@type\":\"WebPage\",\"@id\":\"https:\\\/\\\/isguardianshipcanada.com\\\/tr\\\/isgc-aile-yani-konaklama\\\/isgc-ile-host-aile-olun\\\/\",\"url\":\"https:\\\/\\\/isguardianshipcanada.com\\\/tr\\\/isgc-aile-yani-konaklama\\\/isgc-ile-host-aile-olun\\\/\",\"name\":\"ISGC ile Host Aile Olun - International Student Guardianship Canada\",\"isPartOf\":{\"@id\":\"https:\\\/\\\/isguardianshipcanada.com\\\/tr\\\/#website\"},\"primaryImageOfPage\":{\"@id\":\"https:\\\/\\\/isguardianshipcanada.com\\\/tr\\\/isgc-aile-yani-konaklama\\\/isgc-ile-host-aile-olun\\\/#primaryimage\"},\"image\":{\"@id\":\"https:\\\/\\\/isguardianshipcanada.com\\\/tr\\\/isgc-aile-yani-konaklama\\\/isgc-ile-host-aile-olun\\\/#primaryimage\"},\"thumbnailUrl\":\"https:\\\/\\\/isguardianshipcanada.com\\\/wp-content\\\/uploads\\\/2016\\\/03\\\/Extended-family-smiling-in-the-park-000069571877_Large.jpg\",\"datePublished\":\"2019-12-20T22:23:03+00:00\",\"dateModified\":\"2019-12-20T22:23:04+00:00\",\"breadcrumb\":{\"@id\":\"https:\\\/\\\/isguardianshipcanada.com\\\/tr\\\/isgc-aile-yani-konaklama\\\/isgc-ile-host-aile-olun\\\/#breadcrumb\"},\"inLanguage\":\"tr\",\"potentialAction\":[{\"@type\":\"ReadAction\",\"target\":[\"https:\\\/\\\/isguardianshipcanada.com\\\/tr\\\/isgc-aile-yani-konaklama\\\/isgc-ile-host-aile-olun\\\/\"]}]},{\"@type\":\"ImageObject\",\"inLanguage\":\"tr\",\"@id\":\"https:\\\/\\\/isguardianshipcanada.com\\\/tr\\\/isgc-aile-yani-konaklama\\\/isgc-ile-host-aile-olun\\\/#primaryimage\",\"url\":\"https:\\\/\\\/isguardianshipcanada.com\\\/wp-content\\\/uploads\\\/2016\\\/03\\\/Extended-family-smiling-in-the-park-000069571877_Large.jpg\",\"contentUrl\":\"https:\\\/\\\/isguardianshipcanada.com\\\/wp-content\\\/uploads\\\/2016\\\/03\\\/Extended-family-smiling-in-the-park-000069571877_Large.jpg\",\"width\":1080,\"height\":720},{\"@type\":\"BreadcrumbList\",\"@id\":\"https:\\\/\\\/isguardianshipcanada.com\\\/tr\\\/isgc-aile-yani-konaklama\\\/isgc-ile-host-aile-olun\\\/#breadcrumb\",\"itemListElement\":[{\"@type\":\"ListItem\",\"position\":1,\"name\":\"Home\",\"item\":\"https:\\\/\\\/isguardianshipcanada.com\\\/tr\\\/\"},{\"@type\":\"ListItem\",\"position\":2,\"name\":\"ISGC Aile Yan\u0131 Konaklama\",\"item\":\"https:\\\/\\\/isguardianshipcanada.com\\\/tr\\\/isgc-aile-yani-konaklama\\\/\"},{\"@type\":\"ListItem\",\"position\":3,\"name\":\"ISGC ile Host Aile Olun\"}]},{\"@type\":\"WebSite\",\"@id\":\"https:\\\/\\\/isguardianshipcanada.com\\\/tr\\\/#website\",\"url\":\"https:\\\/\\\/isguardianshipcanada.com\\\/tr\\\/\",\"name\":\"International Student Guardianship Canada\",\"description\":\"Supporting International Students in Canada\",\"publisher\":{\"@id\":\"https:\\\/\\\/isguardianshipcanada.com\\\/tr\\\/#organization\"},\"potentialAction\":[{\"@type\":\"SearchAction\",\"target\":{\"@type\":\"EntryPoint\",\"urlTemplate\":\"https:\\\/\\\/isguardianshipcanada.com\\\/tr\\\/?s={search_term_string}\"},\"query-input\":{\"@type\":\"PropertyValueSpecification\",\"valueRequired\":true,\"valueName\":\"search_term_string\"}}],\"inLanguage\":\"tr\"},{\"@type\":\"Organization\",\"@id\":\"https:\\\/\\\/isguardianshipcanada.com\\\/tr\\\/#organization\",\"name\":\"International Student Guardianship Canada Inc.\",\"url\":\"https:\\\/\\\/isguardianshipcanada.com\\\/tr\\\/\",\"logo\":{\"@type\":\"ImageObject\",\"inLanguage\":\"tr\",\"@id\":\"https:\\\/\\\/isguardianshipcanada.com\\\/tr\\\/#\\\/schema\\\/logo\\\/image\\\/\",\"url\":\"https:\\\/\\\/isguardianshipcanada.com\\\/wp-content\\\/uploads\\\/2016\\\/01\\\/ISGC-Logo-e1453410222848.jpg\",\"contentUrl\":\"https:\\\/\\\/isguardianshipcanada.com\\\/wp-content\\\/uploads\\\/2016\\\/01\\\/ISGC-Logo-e1453410222848.jpg\",\"width\":75,\"height\":67,\"caption\":\"International Student Guardianship Canada Inc.\"},\"image\":{\"@id\":\"https:\\\/\\\/isguardianshipcanada.com\\\/tr\\\/#\\\/schema\\\/logo\\\/image\\\/\"}}]}<\/script>\n<!-- \/ Yoast SEO plugin. -->","yoast_head_json":{"title":"ISGC ile Host Aile Olun - International Student Guardianship Canada","robots":{"index":"index","follow":"follow","max-snippet":"max-snippet:-1","max-image-preview":"max-image-preview:large","max-video-preview":"max-video-preview:-1"},"canonical":"https:\/\/isguardianshipcanada.com\/tr\/isgc-aile-yani-konaklama\/isgc-ile-host-aile-olun\/","og_locale":"tr_TR","og_type":"article","og_title":"ISGC ile Host Aile Olun - International Student Guardianship Canada","og_description":"\u00d6\u011eRENC\u0130LER\u0130 EV\u0130N\u0130ZDE A\u011eIRLAMAK MUHTE\u015eEM B\u0130R DENEY\u0130M! Bize Kat\u0131l\u0131n! ISGC ile host aile olmaya g\u00f6sterdi\u011finiz ilgi i\u00e7in te\u015fekk\u00fcr ederiz! 2006 y\u0131l\u0131ndan bu yana lise, \u00fcniversite, kolej ve yaz \u00f6\u011frencileri i\u00e7in aile yan\u0131nda konaklama sa\u011fl\u0131yoruz. Uluslararas\u0131 \u00f6\u011frencilerimiz Kanadal\u0131 bir aileyle ya\u015fam\u0131n tad\u0131n\u0131 \u00e7\u0131karmak, \u0130ngilizce becerilerini geli\u015ftirmek ve Kanada k\u00fclt\u00fcr\u00fcn\u00fc g\u00fcvenli bir \u015fekilde ya\u015famaktad\u0131rlar. L\u00dcTFEN A\u015eA\u011eIDAK\u0130 FORMU DOLDURUN!","og_url":"https:\/\/isguardianshipcanada.com\/tr\/isgc-aile-yani-konaklama\/isgc-ile-host-aile-olun\/","og_site_name":"International Student Guardianship Canada","article_modified_time":"2019-12-20T22:23:04+00:00","og_image":[{"url":"https:\/\/isguardianshipcanada.com\/wp-content\/uploads\/2016\/03\/Extended-family-smiling-in-the-park-000069571877_Large-1080x720.jpg","type":"","width":"","height":""}],"twitter_card":"summary_large_image","twitter_misc":{"Tahmini okuma s\u00fcresi":"3 dakika"},"schema":{"@context":"https:\/\/schema.org","@graph":[{"@type":"WebPage","@id":"https:\/\/isguardianshipcanada.com\/tr\/isgc-aile-yani-konaklama\/isgc-ile-host-aile-olun\/","url":"https:\/\/isguardianshipcanada.com\/tr\/isgc-aile-yani-konaklama\/isgc-ile-host-aile-olun\/","name":"ISGC ile Host Aile Olun - International Student Guardianship Canada","isPartOf":{"@id":"https:\/\/isguardianshipcanada.com\/tr\/#website"},"primaryImageOfPage":{"@id":"https:\/\/isguardianshipcanada.com\/tr\/isgc-aile-yani-konaklama\/isgc-ile-host-aile-olun\/#primaryimage"},"image":{"@id":"https:\/\/isguardianshipcanada.com\/tr\/isgc-aile-yani-konaklama\/isgc-ile-host-aile-olun\/#primaryimage"},"thumbnailUrl":"https:\/\/isguardianshipcanada.com\/wp-content\/uploads\/2016\/03\/Extended-family-smiling-in-the-park-000069571877_Large.jpg","datePublished":"2019-12-20T22:23:03+00:00","dateModified":"2019-12-20T22:23:04+00:00","breadcrumb":{"@id":"https:\/\/isguardianshipcanada.com\/tr\/isgc-aile-yani-konaklama\/isgc-ile-host-aile-olun\/#breadcrumb"},"inLanguage":"tr","potentialAction":[{"@type":"ReadAction","target":["https:\/\/isguardianshipcanada.com\/tr\/isgc-aile-yani-konaklama\/isgc-ile-host-aile-olun\/"]}]},{"@type":"ImageObject","inLanguage":"tr","@id":"https:\/\/isguardianshipcanada.com\/tr\/isgc-aile-yani-konaklama\/isgc-ile-host-aile-olun\/#primaryimage","url":"https:\/\/isguardianshipcanada.com\/wp-content\/uploads\/2016\/03\/Extended-family-smiling-in-the-park-000069571877_Large.jpg","contentUrl":"https:\/\/isguardianshipcanada.com\/wp-content\/uploads\/2016\/03\/Extended-family-smiling-in-the-park-000069571877_Large.jpg","width":1080,"height":720},{"@type":"BreadcrumbList","@id":"https:\/\/isguardianshipcanada.com\/tr\/isgc-aile-yani-konaklama\/isgc-ile-host-aile-olun\/#breadcrumb","itemListElement":[{"@type":"ListItem","position":1,"name":"Home","item":"https:\/\/isguardianshipcanada.com\/tr\/"},{"@type":"ListItem","position":2,"name":"ISGC Aile Yan\u0131 Konaklama","item":"https:\/\/isguardianshipcanada.com\/tr\/isgc-aile-yani-konaklama\/"},{"@type":"ListItem","position":3,"name":"ISGC ile Host Aile Olun"}]},{"@type":"WebSite","@id":"https:\/\/isguardianshipcanada.com\/tr\/#website","url":"https:\/\/isguardianshipcanada.com\/tr\/","name":"International Student Guardianship Canada","description":"Supporting International Students in Canada","publisher":{"@id":"https:\/\/isguardianshipcanada.com\/tr\/#organization"},"potentialAction":[{"@type":"SearchAction","target":{"@type":"EntryPoint","urlTemplate":"https:\/\/isguardianshipcanada.com\/tr\/?s={search_term_string}"},"query-input":{"@type":"PropertyValueSpecification","valueRequired":true,"valueName":"search_term_string"}}],"inLanguage":"tr"},{"@type":"Organization","@id":"https:\/\/isguardianshipcanada.com\/tr\/#organization","name":"International Student Guardianship Canada Inc.","url":"https:\/\/isguardianshipcanada.com\/tr\/","logo":{"@type":"ImageObject","inLanguage":"tr","@id":"https:\/\/isguardianshipcanada.com\/tr\/#\/schema\/logo\/image\/","url":"https:\/\/isguardianshipcanada.com\/wp-content\/uploads\/2016\/01\/ISGC-Logo-e1453410222848.jpg","contentUrl":"https:\/\/isguardianshipcanada.com\/wp-content\/uploads\/2016\/01\/ISGC-Logo-e1453410222848.jpg","width":75,"height":67,"caption":"International Student Guardianship Canada Inc."},"image":{"@id":"https:\/\/isguardianshipcanada.com\/tr\/#\/schema\/logo\/image\/"}}]}},"jetpack_sharing_enabled":true,"jetpack_shortlink":"https:\/\/wp.me\/PeW0RC-3k5","jetpack_likes_enabled":true,"_links":{"self":[{"href":"https:\/\/isguardianshipcanada.com\/tr\/wp-json\/wp\/v2\/pages\/12777","targetHints":{"allow":["GET"]}}],"collection":[{"href":"https:\/\/isguardianshipcanada.com\/tr\/wp-json\/wp\/v2\/pages"}],"about":[{"href":"https:\/\/isguardianshipcanada.com\/tr\/wp-json\/wp\/v2\/types\/page"}],"author":[{"embeddable":true,"href":"https:\/\/isguardianshipcanada.com\/tr\/wp-json\/wp\/v2\/users\/2"}],"replies":[{"embeddable":true,"href":"https:\/\/isguardianshipcanada.com\/tr\/wp-json\/wp\/v2\/comments?post=12777"}],"version-history":[{"count":5,"href":"https:\/\/isguardianshipcanada.com\/tr\/wp-json\/wp\/v2\/pages\/12777\/revisions"}],"predecessor-version":[{"id":12782,"href":"https:\/\/isguardianshipcanada.com\/tr\/wp-json\/wp\/v2\/pages\/12777\/revisions\/12782"}],"up":[{"embeddable":true,"href":"https:\/\/isguardianshipcanada.com\/tr\/wp-json\/wp\/v2\/pages\/12652"}],"wp:featuredmedia":[{"embeddable":true,"href":"https:\/\/isguardianshipcanada.com\/tr\/wp-json\/wp\/v2\/media\/12460"}],"wp:attachment":[{"href":"https:\/\/isguardianshipcanada.com\/tr\/wp-json\/wp\/v2\/media?parent=12777"}],"wp:term":[{"taxonomy":"category","embeddable":true,"href":"https:\/\/isguardianshipcanada.com\/tr\/wp-json\/wp\/v2\/categories?post=12777"},{"taxonomy":"post_tag","embeddable":true,"href":"https:\/\/isguardianshipcanada.com\/tr\/wp-json\/wp\/v2\/tags?post=12777"}],"curies":[{"name":"wp","href":"https:\/\/api.w.org\/{rel}","templated":true}]}}