{"id":12754,"date":"2019-12-19T12:41:20","date_gmt":"2019-12-19T17:41:20","guid":{"rendered":"https:\/\/isguardianshipcanada.com\/isgc-ulastirma-hizmetleri\/ulasim-talebi\/"},"modified":"2019-12-19T12:41:20","modified_gmt":"2019-12-19T17:41:20","slug":"ulasim-talebi","status":"publish","type":"page","link":"https:\/\/isguardianshipcanada.com\/tr\/isgc-ulastirma-hizmetleri\/ulasim-talebi\/","title":{"rendered":"Ula\u015f\u0131m Talebi"},"content":{"rendered":"<p class=\"p2\">Bu \u00f6zel ara\u00e7 servisi t\u00fcm \u00f6\u011frenciler i\u00e7in \u00f6nerilmektedir ve \u015funlar\u0131 i\u00e7erir:<\/p>\n<ul>\n<li class=\"p4\">Kar\u015f\u0131lama<\/li>\n<li class=\"p4\">Havayolu check-in<\/li>\n<li class=\"p4\">Refakat hizmetleri (istek \u00fczerine)<\/li>\n<li class=\"p4\">Ka\u00e7\u0131r\u0131lan ve geciken u\u00e7u\u015flar i\u00e7in 24 saatlik Acil Durum \u0130leti\u015fimi<\/li>\n<li class=\"p5\">\u00d6zel sedan veya SUV ara\u00e7lar<\/li>\n<li class=\"p5\">\u00dcniformal\u0131 s\u00fcr\u00fcc\u00fc<\/li>\n<li class=\"p5\">Bagaj yard\u0131m\u0131<\/li>\n<li class=\"p5\">E-posta yoluyla talimatlar ve onay<\/li>\n<\/ul>\n<p><strong>L\u00fctfen a\u015fa\u011f\u0131daki formu doldurunuz.<\/strong><\/p>\n<hr \/>\n","protected":false},"excerpt":{"rendered":"<p>Bu \u00f6zel ara\u00e7 servisi t\u00fcm \u00f6\u011frenciler i\u00e7in \u00f6nerilmektedir ve \u015funlar\u0131 i\u00e7erir: Kar\u015f\u0131lama Havayolu check-in Refakat hizmetleri (istek \u00fczerine) Ka\u00e7\u0131r\u0131lan ve geciken u\u00e7u\u015flar i\u00e7in 24 saatlik Acil Durum \u0130leti\u015fimi \u00d6zel sedan veya SUV ara\u00e7lar \u00dcniformal\u0131 s\u00fcr\u00fcc\u00fc Bagaj yard\u0131m\u0131 E-posta yoluyla talimatlar ve onay L\u00fctfen a\u015fa\u011f\u0131daki formu doldurunuz.<\/p>\n","protected":false},"author":2,"featured_media":0,"parent":12676,"menu_order":0,"comment_status":"closed","ping_status":"closed","template":"","meta":{"_acf_changed":false,"ocean_post_layout":"","ocean_both_sidebars_style":"","ocean_both_sidebars_content_width":0,"ocean_both_sidebars_sidebars_width":0,"ocean_sidebar":"","ocean_second_sidebar":"","ocean_disable_margins":"enable","ocean_add_body_class":"","ocean_shortcode_before_top_bar":"","ocean_shortcode_after_top_bar":"","ocean_shortcode_before_header":"","ocean_shortcode_after_header":"","ocean_has_shortcode":"","ocean_shortcode_after_title":"","ocean_shortcode_before_footer_widgets":"","ocean_shortcode_after_footer_widgets":"","ocean_shortcode_before_footer_bottom":"","ocean_shortcode_after_footer_bottom":"","ocean_display_top_bar":"default","ocean_display_header":"default","ocean_header_style":"","ocean_center_header_left_menu":"","ocean_custom_header_template":"","ocean_custom_logo":0,"ocean_custom_retina_logo":0,"ocean_custom_logo_max_width":0,"ocean_custom_logo_tablet_max_width":0,"ocean_custom_logo_mobile_max_width":0,"ocean_custom_logo_max_height":0,"ocean_custom_logo_tablet_max_height":0,"ocean_custom_logo_mobile_max_height":0,"ocean_header_custom_menu":"","ocean_menu_typo_font_family":"","ocean_menu_typo_font_subset":"","ocean_menu_typo_font_size":0,"ocean_menu_typo_font_size_tablet":0,"ocean_menu_typo_font_size_mobile":0,"ocean_menu_typo_font_size_unit":"px","ocean_menu_typo_font_weight":"","ocean_menu_typo_font_weight_tablet":"","ocean_menu_typo_font_weight_mobile":"","ocean_menu_typo_transform":"","ocean_menu_typo_transform_tablet":"","ocean_menu_typo_transform_mobile":"","ocean_menu_typo_line_height":0,"ocean_menu_typo_line_height_tablet":0,"ocean_menu_typo_line_height_mobile":0,"ocean_menu_typo_line_height_unit":"","ocean_menu_typo_spacing":0,"ocean_menu_typo_spacing_tablet":0,"ocean_menu_typo_spacing_mobile":0,"ocean_menu_typo_spacing_unit":"","ocean_menu_link_color":"","ocean_menu_link_color_hover":"","ocean_menu_link_color_active":"","ocean_menu_link_background":"","ocean_menu_link_hover_background":"","ocean_menu_link_active_background":"","ocean_menu_social_links_bg":"","ocean_menu_social_hover_links_bg":"","ocean_menu_social_links_color":"","ocean_menu_social_hover_links_color":"","ocean_disable_title":"default","ocean_disable_heading":"default","ocean_post_title":"","ocean_post_subheading":"","ocean_post_title_style":"","ocean_post_title_background_color":"","ocean_post_title_background":0,"ocean_post_title_bg_image_position":"","ocean_post_title_bg_image_attachment":"","ocean_post_title_bg_image_repeat":"","ocean_post_title_bg_image_size":"","ocean_post_title_height":0,"ocean_post_title_bg_overlay":0.5,"ocean_post_title_bg_overlay_color":"","ocean_disable_breadcrumbs":"default","ocean_breadcrumbs_color":"","ocean_breadcrumbs_separator_color":"","ocean_breadcrumbs_links_color":"","ocean_breadcrumbs_links_hover_color":"","ocean_display_footer_widgets":"default","ocean_display_footer_bottom":"default","ocean_custom_footer_template":"","jetpack_post_was_ever_published":false,"footnotes":""},"categories":[],"tags":[],"class_list":["post-12754","page","type-page","status-publish","hentry","entry","owp-thumbs-layout-horizontal","owp-btn-normal","owp-tabs-layout-horizontal","has-no-thumbnails","has-product-nav"],"acf":[],"yoast_head":"<!-- This site is optimized with the Yoast SEO plugin v27.4 - https:\/\/yoast.com\/product\/yoast-seo-wordpress\/ -->\n<title>Ula\u015f\u0131m Talebi - International Student Guardianship Canada<\/title>\n<meta name=\"robots\" content=\"index, follow, max-snippet:-1, max-image-preview:large, max-video-preview:-1\" \/>\n<link rel=\"canonical\" href=\"https:\/\/isguardianshipcanada.com\/tr\/isgc-ulastirma-hizmetleri\/ulasim-talebi\/\" \/>\n<meta property=\"og:locale\" content=\"tr_TR\" \/>\n<meta property=\"og:type\" content=\"article\" \/>\n<meta property=\"og:title\" content=\"Ula\u015f\u0131m Talebi - International Student Guardianship Canada\" \/>\n<meta property=\"og:description\" content=\"Bu \u00f6zel ara\u00e7 servisi t\u00fcm \u00f6\u011frenciler i\u00e7in \u00f6nerilmektedir ve \u015funlar\u0131 i\u00e7erir: Kar\u015f\u0131lama Havayolu check-in Refakat hizmetleri (istek \u00fczerine) Ka\u00e7\u0131r\u0131lan ve geciken u\u00e7u\u015flar i\u00e7in 24 saatlik Acil Durum \u0130leti\u015fimi \u00d6zel sedan veya SUV ara\u00e7lar \u00dcniformal\u0131 s\u00fcr\u00fcc\u00fc Bagaj yard\u0131m\u0131 E-posta yoluyla talimatlar ve onay L\u00fctfen a\u015fa\u011f\u0131daki formu doldurunuz.\" \/>\n<meta property=\"og:url\" content=\"https:\/\/isguardianshipcanada.com\/tr\/isgc-ulastirma-hizmetleri\/ulasim-talebi\/\" \/>\n<meta property=\"og:site_name\" content=\"International Student Guardianship Canada\" \/>\n<meta name=\"twitter:card\" content=\"summary_large_image\" \/>\n<script type=\"application\/ld+json\" class=\"yoast-schema-graph\">{\"@context\":\"https:\\\/\\\/schema.org\",\"@graph\":[{\"@type\":\"WebPage\",\"@id\":\"https:\\\/\\\/isguardianshipcanada.com\\\/tr\\\/isgc-ulastirma-hizmetleri\\\/ulasim-talebi\\\/\",\"url\":\"https:\\\/\\\/isguardianshipcanada.com\\\/tr\\\/isgc-ulastirma-hizmetleri\\\/ulasim-talebi\\\/\",\"name\":\"Ula\u015f\u0131m Talebi - International Student Guardianship Canada\",\"isPartOf\":{\"@id\":\"https:\\\/\\\/isguardianshipcanada.com\\\/tr\\\/#website\"},\"datePublished\":\"2019-12-19T17:41:20+00:00\",\"breadcrumb\":{\"@id\":\"https:\\\/\\\/isguardianshipcanada.com\\\/tr\\\/isgc-ulastirma-hizmetleri\\\/ulasim-talebi\\\/#breadcrumb\"},\"inLanguage\":\"tr\",\"potentialAction\":[{\"@type\":\"ReadAction\",\"target\":[\"https:\\\/\\\/isguardianshipcanada.com\\\/tr\\\/isgc-ulastirma-hizmetleri\\\/ulasim-talebi\\\/\"]}]},{\"@type\":\"BreadcrumbList\",\"@id\":\"https:\\\/\\\/isguardianshipcanada.com\\\/tr\\\/isgc-ulastirma-hizmetleri\\\/ulasim-talebi\\\/#breadcrumb\",\"itemListElement\":[{\"@type\":\"ListItem\",\"position\":1,\"name\":\"Home\",\"item\":\"https:\\\/\\\/isguardianshipcanada.com\\\/tr\\\/\"},{\"@type\":\"ListItem\",\"position\":2,\"name\":\"ISGC Ula\u015ft\u0131rma Hizmetleri\",\"item\":\"https:\\\/\\\/isguardianshipcanada.com\\\/tr\\\/isgc-ulastirma-hizmetleri\\\/\"},{\"@type\":\"ListItem\",\"position\":3,\"name\":\"Ula\u015f\u0131m Talebi\"}]},{\"@type\":\"WebSite\",\"@id\":\"https:\\\/\\\/isguardianshipcanada.com\\\/tr\\\/#website\",\"url\":\"https:\\\/\\\/isguardianshipcanada.com\\\/tr\\\/\",\"name\":\"International Student Guardianship Canada\",\"description\":\"Supporting International Students in Canada\",\"publisher\":{\"@id\":\"https:\\\/\\\/isguardianshipcanada.com\\\/tr\\\/#organization\"},\"potentialAction\":[{\"@type\":\"SearchAction\",\"target\":{\"@type\":\"EntryPoint\",\"urlTemplate\":\"https:\\\/\\\/isguardianshipcanada.com\\\/tr\\\/?s={search_term_string}\"},\"query-input\":{\"@type\":\"PropertyValueSpecification\",\"valueRequired\":true,\"valueName\":\"search_term_string\"}}],\"inLanguage\":\"tr\"},{\"@type\":\"Organization\",\"@id\":\"https:\\\/\\\/isguardianshipcanada.com\\\/tr\\\/#organization\",\"name\":\"International Student Guardianship Canada Inc.\",\"url\":\"https:\\\/\\\/isguardianshipcanada.com\\\/tr\\\/\",\"logo\":{\"@type\":\"ImageObject\",\"inLanguage\":\"tr\",\"@id\":\"https:\\\/\\\/isguardianshipcanada.com\\\/tr\\\/#\\\/schema\\\/logo\\\/image\\\/\",\"url\":\"https:\\\/\\\/isguardianshipcanada.com\\\/wp-content\\\/uploads\\\/2016\\\/01\\\/ISGC-Logo-e1453410222848.jpg\",\"contentUrl\":\"https:\\\/\\\/isguardianshipcanada.com\\\/wp-content\\\/uploads\\\/2016\\\/01\\\/ISGC-Logo-e1453410222848.jpg\",\"width\":75,\"height\":67,\"caption\":\"International Student Guardianship Canada Inc.\"},\"image\":{\"@id\":\"https:\\\/\\\/isguardianshipcanada.com\\\/tr\\\/#\\\/schema\\\/logo\\\/image\\\/\"}}]}<\/script>\n<!-- \/ Yoast SEO plugin. -->","yoast_head_json":{"title":"Ula\u015f\u0131m Talebi - International Student Guardianship Canada","robots":{"index":"index","follow":"follow","max-snippet":"max-snippet:-1","max-image-preview":"max-image-preview:large","max-video-preview":"max-video-preview:-1"},"canonical":"https:\/\/isguardianshipcanada.com\/tr\/isgc-ulastirma-hizmetleri\/ulasim-talebi\/","og_locale":"tr_TR","og_type":"article","og_title":"Ula\u015f\u0131m Talebi - International Student Guardianship Canada","og_description":"Bu \u00f6zel ara\u00e7 servisi t\u00fcm \u00f6\u011frenciler i\u00e7in \u00f6nerilmektedir ve \u015funlar\u0131 i\u00e7erir: Kar\u015f\u0131lama Havayolu check-in Refakat hizmetleri (istek \u00fczerine) Ka\u00e7\u0131r\u0131lan ve geciken u\u00e7u\u015flar i\u00e7in 24 saatlik Acil Durum \u0130leti\u015fimi \u00d6zel sedan veya SUV ara\u00e7lar \u00dcniformal\u0131 s\u00fcr\u00fcc\u00fc Bagaj yard\u0131m\u0131 E-posta yoluyla talimatlar ve onay L\u00fctfen a\u015fa\u011f\u0131daki formu doldurunuz.","og_url":"https:\/\/isguardianshipcanada.com\/tr\/isgc-ulastirma-hizmetleri\/ulasim-talebi\/","og_site_name":"International Student Guardianship Canada","twitter_card":"summary_large_image","schema":{"@context":"https:\/\/schema.org","@graph":[{"@type":"WebPage","@id":"https:\/\/isguardianshipcanada.com\/tr\/isgc-ulastirma-hizmetleri\/ulasim-talebi\/","url":"https:\/\/isguardianshipcanada.com\/tr\/isgc-ulastirma-hizmetleri\/ulasim-talebi\/","name":"Ula\u015f\u0131m Talebi - International Student Guardianship Canada","isPartOf":{"@id":"https:\/\/isguardianshipcanada.com\/tr\/#website"},"datePublished":"2019-12-19T17:41:20+00:00","breadcrumb":{"@id":"https:\/\/isguardianshipcanada.com\/tr\/isgc-ulastirma-hizmetleri\/ulasim-talebi\/#breadcrumb"},"inLanguage":"tr","potentialAction":[{"@type":"ReadAction","target":["https:\/\/isguardianshipcanada.com\/tr\/isgc-ulastirma-hizmetleri\/ulasim-talebi\/"]}]},{"@type":"BreadcrumbList","@id":"https:\/\/isguardianshipcanada.com\/tr\/isgc-ulastirma-hizmetleri\/ulasim-talebi\/#breadcrumb","itemListElement":[{"@type":"ListItem","position":1,"name":"Home","item":"https:\/\/isguardianshipcanada.com\/tr\/"},{"@type":"ListItem","position":2,"name":"ISGC Ula\u015ft\u0131rma Hizmetleri","item":"https:\/\/isguardianshipcanada.com\/tr\/isgc-ulastirma-hizmetleri\/"},{"@type":"ListItem","position":3,"name":"Ula\u015f\u0131m Talebi"}]},{"@type":"WebSite","@id":"https:\/\/isguardianshipcanada.com\/tr\/#website","url":"https:\/\/isguardianshipcanada.com\/tr\/","name":"International Student Guardianship Canada","description":"Supporting International Students in Canada","publisher":{"@id":"https:\/\/isguardianshipcanada.com\/tr\/#organization"},"potentialAction":[{"@type":"SearchAction","target":{"@type":"EntryPoint","urlTemplate":"https:\/\/isguardianshipcanada.com\/tr\/?s={search_term_string}"},"query-input":{"@type":"PropertyValueSpecification","valueRequired":true,"valueName":"search_term_string"}}],"inLanguage":"tr"},{"@type":"Organization","@id":"https:\/\/isguardianshipcanada.com\/tr\/#organization","name":"International Student Guardianship Canada Inc.","url":"https:\/\/isguardianshipcanada.com\/tr\/","logo":{"@type":"ImageObject","inLanguage":"tr","@id":"https:\/\/isguardianshipcanada.com\/tr\/#\/schema\/logo\/image\/","url":"https:\/\/isguardianshipcanada.com\/wp-content\/uploads\/2016\/01\/ISGC-Logo-e1453410222848.jpg","contentUrl":"https:\/\/isguardianshipcanada.com\/wp-content\/uploads\/2016\/01\/ISGC-Logo-e1453410222848.jpg","width":75,"height":67,"caption":"International Student Guardianship Canada Inc."},"image":{"@id":"https:\/\/isguardianshipcanada.com\/tr\/#\/schema\/logo\/image\/"}}]}},"jetpack_sharing_enabled":true,"jetpack_shortlink":"https:\/\/wp.me\/PeW0RC-3jI","jetpack_likes_enabled":true,"_links":{"self":[{"href":"https:\/\/isguardianshipcanada.com\/tr\/wp-json\/wp\/v2\/pages\/12754","targetHints":{"allow":["GET"]}}],"collection":[{"href":"https:\/\/isguardianshipcanada.com\/tr\/wp-json\/wp\/v2\/pages"}],"about":[{"href":"https:\/\/isguardianshipcanada.com\/tr\/wp-json\/wp\/v2\/types\/page"}],"author":[{"embeddable":true,"href":"https:\/\/isguardianshipcanada.com\/tr\/wp-json\/wp\/v2\/users\/2"}],"replies":[{"embeddable":true,"href":"https:\/\/isguardianshipcanada.com\/tr\/wp-json\/wp\/v2\/comments?post=12754"}],"version-history":[{"count":0,"href":"https:\/\/isguardianshipcanada.com\/tr\/wp-json\/wp\/v2\/pages\/12754\/revisions"}],"up":[{"embeddable":true,"href":"https:\/\/isguardianshipcanada.com\/tr\/wp-json\/wp\/v2\/pages\/12676"}],"wp:attachment":[{"href":"https:\/\/isguardianshipcanada.com\/tr\/wp-json\/wp\/v2\/media?parent=12754"}],"wp:term":[{"taxonomy":"category","embeddable":true,"href":"https:\/\/isguardianshipcanada.com\/tr\/wp-json\/wp\/v2\/categories?post=12754"},{"taxonomy":"post_tag","embeddable":true,"href":"https:\/\/isguardianshipcanada.com\/tr\/wp-json\/wp\/v2\/tags?post=12754"}],"curies":[{"name":"wp","href":"https:\/\/api.w.org\/{rel}","templated":true}]}}