{"id":12714,"date":"2019-12-19T11:40:32","date_gmt":"2019-12-19T16:40:32","guid":{"rendered":"https:\/\/isguardianshipcanada.com\/ogrenci-gezileri\/"},"modified":"2019-12-19T11:40:33","modified_gmt":"2019-12-19T16:40:33","slug":"ogrenci-gezileri","status":"publish","type":"page","link":"https:\/\/isguardianshipcanada.com\/tr\/ogrenci-gezileri\/","title":{"rendered":"\u00d6\u011frenci Gezileri"},"content":{"rendered":"\t\t<div data-elementor-type=\"wp-post\" data-elementor-id=\"12714\" class=\"elementor elementor-12714 elementor-397\" data-elementor-post-type=\"page\">\n\t\t\t\t\t\t<section class=\"elementor-section elementor-top-section elementor-element elementor-element-1bfe8491 elementor-section-boxed elementor-section-height-default elementor-section-height-default\" data-id=\"1bfe8491\" data-element_type=\"section\" data-e-type=\"section\">\n\t\t\t\t\t\t<div class=\"elementor-container elementor-column-gap-default\">\n\t\t\t\t\t<div class=\"elementor-column elementor-col-100 elementor-top-column elementor-element elementor-element-1c5f4f1a\" data-id=\"1c5f4f1a\" data-element_type=\"column\" data-e-type=\"column\">\n\t\t\t<div class=\"elementor-widget-wrap elementor-element-populated\">\n\t\t\t\t\t\t<section class=\"elementor-section elementor-inner-section elementor-element elementor-element-2d2ee193 elementor-section-boxed elementor-section-height-default elementor-section-height-default\" data-id=\"2d2ee193\" data-element_type=\"section\" data-e-type=\"section\">\n\t\t\t\t\t\t<div class=\"elementor-container elementor-column-gap-no\">\n\t\t\t\t\t<div class=\"elementor-column elementor-col-50 elementor-inner-column elementor-element elementor-element-712959db\" data-id=\"712959db\" data-element_type=\"column\" data-e-type=\"column\">\n\t\t\t<div class=\"elementor-widget-wrap elementor-element-populated\">\n\t\t\t\t\t\t<div class=\"elementor-element elementor-element-1f546813 elementor-widget elementor-widget-heading\" data-id=\"1f546813\" data-element_type=\"widget\" data-e-type=\"widget\" data-widget_type=\"heading.default\">\n\t\t\t\t<div class=\"elementor-widget-container\">\n\t\t\t\t\t<h1 class=\"elementor-heading-title elementor-size-default\">\u00d6\u011frenci Gezileri<\/h1>\t\t\t\t<\/div>\n\t\t\t\t<\/div>\n\t\t\t\t\t<\/div>\n\t\t<\/div>\n\t\t\t\t<div class=\"elementor-column elementor-col-50 elementor-inner-column elementor-element elementor-element-503c2107\" data-id=\"503c2107\" data-element_type=\"column\" data-e-type=\"column\">\n\t\t\t<div class=\"elementor-widget-wrap elementor-element-populated\">\n\t\t\t\t\t\t<div class=\"elementor-element elementor-element-2c984e4e elementor-widget elementor-widget-image\" data-id=\"2c984e4e\" data-element_type=\"widget\" data-e-type=\"widget\" data-widget_type=\"image.default\">\n\t\t\t\t<div class=\"elementor-widget-container\">\n\t\t\t\t\t\t\t\t\t\t\t\t\t\t\t<img decoding=\"async\" data-attachment-id=\"11718\" data-permalink=\"https:\/\/isguardianshipcanada.com\/tr\/isgc-ogrenci-servisleri\/kids_header-2\/\" data-orig-file=\"https:\/\/isguardianshipcanada.com\/wp-content\/uploads\/2016\/02\/kids_header.png\" data-orig-size=\"262,150\" data-comments-opened=\"0\" data-image-meta=\"{&quot;aperture&quot;:&quot;0&quot;,&quot;credit&quot;:&quot;&quot;,&quot;camera&quot;:&quot;&quot;,&quot;caption&quot;:&quot;&quot;,&quot;created_timestamp&quot;:&quot;0&quot;,&quot;copyright&quot;:&quot;&quot;,&quot;focal_length&quot;:&quot;0&quot;,&quot;iso&quot;:&quot;0&quot;,&quot;shutter_speed&quot;:&quot;0&quot;,&quot;title&quot;:&quot;&quot;,&quot;orientation&quot;:&quot;0&quot;}\" data-image-title=\"kids_header\" data-image-description=\"\" data-image-caption=\"\" data-large-file=\"https:\/\/isguardianshipcanada.com\/wp-content\/uploads\/2016\/02\/kids_header.png\" width=\"262\" height=\"150\" src=\"https:\/\/isguardianshipcanada.com\/wp-content\/uploads\/2016\/02\/kids_header.png\" class=\"attachment-large size-large wp-image-11718\" alt=\"\" data-attachment-id=\"11718\" data-permalink=\"https:\/\/isguardianshipcanada.com\/tr\/isgc-ogrenci-servisleri\/kids_header-2\/\" data-orig-file=\"https:\/\/isguardianshipcanada.com\/wp-content\/uploads\/2016\/02\/kids_header.png\" data-orig-size=\"262,150\" data-comments-opened=\"0\" data-image-meta=\"{&quot;aperture&quot;:&quot;0&quot;,&quot;credit&quot;:&quot;&quot;,&quot;camera&quot;:&quot;&quot;,&quot;caption&quot;:&quot;&quot;,&quot;created_timestamp&quot;:&quot;0&quot;,&quot;copyright&quot;:&quot;&quot;,&quot;focal_length&quot;:&quot;0&quot;,&quot;iso&quot;:&quot;0&quot;,&quot;shutter_speed&quot;:&quot;0&quot;,&quot;title&quot;:&quot;&quot;,&quot;orientation&quot;:&quot;0&quot;}\" data-image-title=\"kids_header\" data-image-description=\"\" data-image-caption=\"\" data-large-file=\"https:\/\/isguardianshipcanada.com\/wp-content\/uploads\/2016\/02\/kids_header.png\" \/>\t\t\t\t\t\t\t\t\t\t\t\t\t\t\t<\/div>\n\t\t\t\t<\/div>\n\t\t\t\t\t<\/div>\n\t\t<\/div>\n\t\t\t\t\t<\/div>\n\t\t<\/section>\n\t\t\t\t\t<\/div>\n\t\t<\/div>\n\t\t\t\t\t<\/div>\n\t\t<\/section>\n\t\t\t\t<section class=\"elementor-section elementor-top-section elementor-element elementor-element-ce2bbc2 elementor-section-boxed elementor-section-height-default elementor-section-height-default\" data-id=\"ce2bbc2\" data-element_type=\"section\" data-e-type=\"section\">\n\t\t\t\t\t\t<div class=\"elementor-container elementor-column-gap-default\">\n\t\t\t\t\t<div class=\"elementor-column elementor-col-100 elementor-top-column elementor-element elementor-element-2614b15\" data-id=\"2614b15\" data-element_type=\"column\" data-e-type=\"column\">\n\t\t\t<div class=\"elementor-widget-wrap elementor-element-populated\">\n\t\t\t\t\t\t<div class=\"elementor-element elementor-element-b552a07 elementor-widget elementor-widget-text-editor\" data-id=\"b552a07\" data-element_type=\"widget\" data-e-type=\"widget\" data-widget_type=\"text-editor.default\">\n\t\t\t\t<div class=\"elementor-widget-container\">\n\t\t\t\t\t\t\t\t\t<p>Kanada, b\u00fcy\u00fck \u015fehirleri ve ke\u015ffedilmeyi bekleyen geni\u015f k\u0131rsal alanlara sahip geni\u015f, g\u00fczel ve farkl k\u00fclt\u00fcrlere ev sahipli\u011fi yapan bir \u00fclkedir. T\u00fcm ISGC \u00f6\u011frencileri, y\u0131l boyunca d\u00fczenlenen gezilere kat\u0131labilirler.<\/p>\n\t\t\t\t\t\t\t\t<\/div>\n\t\t\t\t<\/div>\n\t\t\t\t\t<\/div>\n\t\t<\/div>\n\t\t\t\t\t<\/div>\n\t\t<\/section>\n\t\t\t\t<section class=\"elementor-section elementor-top-section elementor-element elementor-element-2429793e elementor-section-boxed elementor-section-height-default elementor-section-height-default\" data-id=\"2429793e\" data-element_type=\"section\" data-e-type=\"section\">\n\t\t\t\t\t\t<div class=\"elementor-container elementor-column-gap-default\">\n\t\t\t\t\t<div class=\"elementor-column elementor-col-33 elementor-top-column elementor-element elementor-element-783bd42c\" data-id=\"783bd42c\" data-element_type=\"column\" data-e-type=\"column\">\n\t\t\t<div class=\"elementor-widget-wrap elementor-element-populated\">\n\t\t\t\t\t\t<div class=\"elementor-element elementor-element-4de415a elementor-widget elementor-widget-text-editor\" data-id=\"4de415a\" data-element_type=\"widget\" data-e-type=\"widget\" data-widget_type=\"text-editor.default\">\n\t\t\t\t<div class=\"elementor-widget-container\">\n\t\t\t\t\t\t\t\t\t<p style=\"text-align: center;\"><strong>\u015eehirler<\/strong><\/p>\n<p style=\"text-align: center;\">Toronto (Kuzey Amerika&#8217;da ki 5. b\u00fcy\u00fck \u015fehir)<\/p>\n<p style=\"text-align: center;\">Ottawa (Kanada&#8217;n\u0131n Ba\u015fkenti)<\/p>\n<p style=\"text-align: center;\">Montreal<\/p>\n<p style=\"text-align: center;\">Vancouver<\/p>\n<p style=\"text-align: center;\">Halifax<\/p>\n\t\t\t\t\t\t\t\t<\/div>\n\t\t\t\t<\/div>\n\t\t\t\t\t<\/div>\n\t\t<\/div>\n\t\t\t\t<div class=\"elementor-column elementor-col-33 elementor-top-column elementor-element elementor-element-c3cfdb3\" data-id=\"c3cfdb3\" data-element_type=\"column\" data-e-type=\"column\">\n\t\t\t<div class=\"elementor-widget-wrap elementor-element-populated\">\n\t\t\t\t\t\t<div class=\"elementor-element elementor-element-384c97a elementor-widget elementor-widget-text-editor\" data-id=\"384c97a\" data-element_type=\"widget\" data-e-type=\"widget\" data-widget_type=\"text-editor.default\">\n\t\t\t\t<div class=\"elementor-widget-container\">\n\t\t\t\t\t\t\t\t\t<p style=\"text-align: center;\"><strong>Manzaralar &amp; Simgesel Yerler<\/strong><\/p>\n<p style=\"text-align: center;\">Niagara \u015eelaleleri<\/p>\n<p style=\"text-align: center;\">Rocky Da\u011flar\u0131<\/p>\n<p style=\"text-align: center;\">CN Kulesi<\/p>\n<p style=\"text-align: center;\">\u00a0Louise G\u00f6l\u00fc ve Banff<\/p>\n<p style=\"text-align: center;\">Parlamento Tepesi<\/p>\n\t\t\t\t\t\t\t\t<\/div>\n\t\t\t\t<\/div>\n\t\t\t\t\t<\/div>\n\t\t<\/div>\n\t\t\t\t<div class=\"elementor-column elementor-col-33 elementor-top-column elementor-element elementor-element-31698e9\" data-id=\"31698e9\" data-element_type=\"column\" data-e-type=\"column\">\n\t\t\t<div class=\"elementor-widget-wrap elementor-element-populated\">\n\t\t\t\t\t\t<div class=\"elementor-element elementor-element-0172ba2 elementor-cta--skin-classic elementor-animated-content elementor-bg-transform elementor-bg-transform-zoom-in elementor-widget elementor-widget-call-to-action\" data-id=\"0172ba2\" data-element_type=\"widget\" data-e-type=\"widget\" data-widget_type=\"call-to-action.default\">\n\t\t\t\t<div class=\"elementor-widget-container\">\n\t\t\t\t\t\t\t<div class=\"elementor-cta\">\n\t\t\t\t\t\t\t<div class=\"elementor-cta__content\">\n\t\t\t\t\n\t\t\t\t\t\t\t\t\t<h2 class=\"elementor-cta__title elementor-cta__content-item elementor-content-item\">\n\t\t\t\t\t\tGEZ\u0130LER hakk\u0131nda daha fazla bilgi i\u00e7in\t\t\t\t\t<\/h2>\n\t\t\t\t\n\t\t\t\t\n\t\t\t\t\t\t\t\t\t<div class=\"elementor-cta__button-wrapper elementor-cta__content-item elementor-content-item \">\n\t\t\t\t\t<a class=\"elementor-cta__button elementor-button elementor-size-\" href=\"\/?page_id=65\">\n\t\t\t\t\t\tBize Ula\u015f\u0131n\t\t\t\t\t<\/a>\n\t\t\t\t\t<\/div>\n\t\t\t\t\t\t\t<\/div>\n\t\t\t\t\t\t<\/div>\n\t\t\t\t\t\t<\/div>\n\t\t\t\t<\/div>\n\t\t\t\t\t<\/div>\n\t\t<\/div>\n\t\t\t\t\t<\/div>\n\t\t<\/section>\n\t\t\t\t<\/div>\n\t\t","protected":false},"excerpt":{"rendered":"<p>Kanada, b\u00fcy\u00fck \u015fehirleri ve ke\u015ffedilmeyi bekleyen geni\u015f k\u0131rsal alanlara sahip geni\u015f, g\u00fczel ve farkl k\u00fclt\u00fcrlere ev sahipli\u011fi yapan bir \u00fclkedir. T\u00fcm ISGC \u00f6\u011frencileri, y\u0131l boyunca d\u00fczenlenen gezilere kat\u0131labilirler. \u015eehirler Toronto (Kuzey Amerika&#8217;da ki 5. b\u00fcy\u00fck \u015fehir) Ottawa (Kanada&#8217;n\u0131n Ba\u015fkenti) Montreal Vancouver Halifax Manzaralar &amp; Simgesel Yerler Niagara \u015eelaleleri Rocky Da\u011flar\u0131 CN Kulesi \u00a0Louise G\u00f6l\u00fc ve [&hellip;]<\/p>\n","protected":false},"author":2,"featured_media":0,"parent":0,"menu_order":0,"comment_status":"closed","ping_status":"closed","template":"","meta":{"_acf_changed":false,"ocean_post_layout":"","ocean_both_sidebars_style":"","ocean_both_sidebars_content_width":0,"ocean_both_sidebars_sidebars_width":0,"ocean_sidebar":"","ocean_second_sidebar":"","ocean_disable_margins":"enable","ocean_add_body_class":"","ocean_shortcode_before_top_bar":"","ocean_shortcode_after_top_bar":"","ocean_shortcode_before_header":"","ocean_shortcode_after_header":"","ocean_has_shortcode":"","ocean_shortcode_after_title":"","ocean_shortcode_before_footer_widgets":"","ocean_shortcode_after_footer_widgets":"","ocean_shortcode_before_footer_bottom":"","ocean_shortcode_after_footer_bottom":"","ocean_display_top_bar":"default","ocean_display_header":"default","ocean_header_style":"","ocean_center_header_left_menu":"","ocean_custom_header_template":"","ocean_custom_logo":0,"ocean_custom_retina_logo":0,"ocean_custom_logo_max_width":0,"ocean_custom_logo_tablet_max_width":0,"ocean_custom_logo_mobile_max_width":0,"ocean_custom_logo_max_height":0,"ocean_custom_logo_tablet_max_height":0,"ocean_custom_logo_mobile_max_height":0,"ocean_header_custom_menu":"","ocean_menu_typo_font_family":"","ocean_menu_typo_font_subset":"","ocean_menu_typo_font_size":0,"ocean_menu_typo_font_size_tablet":0,"ocean_menu_typo_font_size_mobile":0,"ocean_menu_typo_font_size_unit":"px","ocean_menu_typo_font_weight":"","ocean_menu_typo_font_weight_tablet":"","ocean_menu_typo_font_weight_mobile":"","ocean_menu_typo_transform":"","ocean_menu_typo_transform_tablet":"","ocean_menu_typo_transform_mobile":"","ocean_menu_typo_line_height":0,"ocean_menu_typo_line_height_tablet":0,"ocean_menu_typo_line_height_mobile":0,"ocean_menu_typo_line_height_unit":"","ocean_menu_typo_spacing":0,"ocean_menu_typo_spacing_tablet":0,"ocean_menu_typo_spacing_mobile":0,"ocean_menu_typo_spacing_unit":"","ocean_menu_link_color":"","ocean_menu_link_color_hover":"","ocean_menu_link_color_active":"","ocean_menu_link_background":"","ocean_menu_link_hover_background":"","ocean_menu_link_active_background":"","ocean_menu_social_links_bg":"","ocean_menu_social_hover_links_bg":"","ocean_menu_social_links_color":"","ocean_menu_social_hover_links_color":"","ocean_disable_title":"default","ocean_disable_heading":"default","ocean_post_title":"","ocean_post_subheading":"","ocean_post_title_style":"","ocean_post_title_background_color":"","ocean_post_title_background":0,"ocean_post_title_bg_image_position":"","ocean_post_title_bg_image_attachment":"","ocean_post_title_bg_image_repeat":"","ocean_post_title_bg_image_size":"","ocean_post_title_height":0,"ocean_post_title_bg_overlay":0.5,"ocean_post_title_bg_overlay_color":"","ocean_disable_breadcrumbs":"default","ocean_breadcrumbs_color":"","ocean_breadcrumbs_separator_color":"","ocean_breadcrumbs_links_color":"","ocean_breadcrumbs_links_hover_color":"","ocean_display_footer_widgets":"default","ocean_display_footer_bottom":"default","ocean_custom_footer_template":"","jetpack_post_was_ever_published":false,"footnotes":""},"categories":[],"tags":[],"class_list":["post-12714","page","type-page","status-publish","hentry","entry","owp-thumbs-layout-horizontal","owp-btn-normal","owp-tabs-layout-horizontal","has-no-thumbnails","has-product-nav"],"acf":[],"yoast_head":"<!-- This site is optimized with the Yoast SEO plugin v27.4 - https:\/\/yoast.com\/product\/yoast-seo-wordpress\/ -->\n<title>\u00d6\u011frenci Gezileri - International Student Guardianship Canada<\/title>\n<meta name=\"robots\" content=\"index, follow, max-snippet:-1, max-image-preview:large, max-video-preview:-1\" \/>\n<link rel=\"canonical\" href=\"https:\/\/isguardianshipcanada.com\/tr\/ogrenci-gezileri\/\" \/>\n<meta property=\"og:locale\" content=\"tr_TR\" \/>\n<meta property=\"og:type\" content=\"article\" \/>\n<meta property=\"og:title\" content=\"\u00d6\u011frenci Gezileri - International Student Guardianship Canada\" \/>\n<meta property=\"og:description\" content=\"Kanada, b\u00fcy\u00fck \u015fehirleri ve ke\u015ffedilmeyi bekleyen geni\u015f k\u0131rsal alanlara sahip geni\u015f, g\u00fczel ve farkl k\u00fclt\u00fcrlere ev sahipli\u011fi yapan bir \u00fclkedir. T\u00fcm ISGC \u00f6\u011frencileri, y\u0131l boyunca d\u00fczenlenen gezilere kat\u0131labilirler. \u015eehirler Toronto (Kuzey Amerika&#8217;da ki 5. b\u00fcy\u00fck \u015fehir) Ottawa (Kanada&#8217;n\u0131n Ba\u015fkenti) Montreal Vancouver Halifax Manzaralar &amp; Simgesel Yerler Niagara \u015eelaleleri Rocky Da\u011flar\u0131 CN Kulesi \u00a0Louise G\u00f6l\u00fc ve [&hellip;]\" \/>\n<meta property=\"og:url\" content=\"https:\/\/isguardianshipcanada.com\/tr\/ogrenci-gezileri\/\" \/>\n<meta property=\"og:site_name\" content=\"International Student Guardianship Canada\" \/>\n<meta property=\"article:modified_time\" content=\"2019-12-19T16:40:33+00:00\" \/>\n<meta property=\"og:image\" content=\"https:\/\/isguardianshipcanada.com\/wp-content\/uploads\/2016\/02\/kids_header.png\" \/>\n<meta name=\"twitter:card\" content=\"summary_large_image\" \/>\n<script type=\"application\/ld+json\" class=\"yoast-schema-graph\">{\"@context\":\"https:\\\/\\\/schema.org\",\"@graph\":[{\"@type\":\"WebPage\",\"@id\":\"https:\\\/\\\/isguardianshipcanada.com\\\/tr\\\/ogrenci-gezileri\\\/\",\"url\":\"https:\\\/\\\/isguardianshipcanada.com\\\/tr\\\/ogrenci-gezileri\\\/\",\"name\":\"\u00d6\u011frenci Gezileri - International Student Guardianship Canada\",\"isPartOf\":{\"@id\":\"https:\\\/\\\/isguardianshipcanada.com\\\/tr\\\/#website\"},\"primaryImageOfPage\":{\"@id\":\"https:\\\/\\\/isguardianshipcanada.com\\\/tr\\\/ogrenci-gezileri\\\/#primaryimage\"},\"image\":{\"@id\":\"https:\\\/\\\/isguardianshipcanada.com\\\/tr\\\/ogrenci-gezileri\\\/#primaryimage\"},\"thumbnailUrl\":\"https:\\\/\\\/isguardianshipcanada.com\\\/wp-content\\\/uploads\\\/2016\\\/02\\\/kids_header.png\",\"datePublished\":\"2019-12-19T16:40:32+00:00\",\"dateModified\":\"2019-12-19T16:40:33+00:00\",\"breadcrumb\":{\"@id\":\"https:\\\/\\\/isguardianshipcanada.com\\\/tr\\\/ogrenci-gezileri\\\/#breadcrumb\"},\"inLanguage\":\"tr\",\"potentialAction\":[{\"@type\":\"ReadAction\",\"target\":[\"https:\\\/\\\/isguardianshipcanada.com\\\/tr\\\/ogrenci-gezileri\\\/\"]}]},{\"@type\":\"ImageObject\",\"inLanguage\":\"tr\",\"@id\":\"https:\\\/\\\/isguardianshipcanada.com\\\/tr\\\/ogrenci-gezileri\\\/#primaryimage\",\"url\":\"https:\\\/\\\/isguardianshipcanada.com\\\/wp-content\\\/uploads\\\/2016\\\/02\\\/kids_header.png\",\"contentUrl\":\"https:\\\/\\\/isguardianshipcanada.com\\\/wp-content\\\/uploads\\\/2016\\\/02\\\/kids_header.png\"},{\"@type\":\"BreadcrumbList\",\"@id\":\"https:\\\/\\\/isguardianshipcanada.com\\\/tr\\\/ogrenci-gezileri\\\/#breadcrumb\",\"itemListElement\":[{\"@type\":\"ListItem\",\"position\":1,\"name\":\"Home\",\"item\":\"https:\\\/\\\/isguardianshipcanada.com\\\/tr\\\/\"},{\"@type\":\"ListItem\",\"position\":2,\"name\":\"\u00d6\u011frenci Gezileri\"}]},{\"@type\":\"WebSite\",\"@id\":\"https:\\\/\\\/isguardianshipcanada.com\\\/tr\\\/#website\",\"url\":\"https:\\\/\\\/isguardianshipcanada.com\\\/tr\\\/\",\"name\":\"International Student Guardianship Canada\",\"description\":\"Supporting International Students in Canada\",\"publisher\":{\"@id\":\"https:\\\/\\\/isguardianshipcanada.com\\\/tr\\\/#organization\"},\"potentialAction\":[{\"@type\":\"SearchAction\",\"target\":{\"@type\":\"EntryPoint\",\"urlTemplate\":\"https:\\\/\\\/isguardianshipcanada.com\\\/tr\\\/?s={search_term_string}\"},\"query-input\":{\"@type\":\"PropertyValueSpecification\",\"valueRequired\":true,\"valueName\":\"search_term_string\"}}],\"inLanguage\":\"tr\"},{\"@type\":\"Organization\",\"@id\":\"https:\\\/\\\/isguardianshipcanada.com\\\/tr\\\/#organization\",\"name\":\"International Student Guardianship Canada Inc.\",\"url\":\"https:\\\/\\\/isguardianshipcanada.com\\\/tr\\\/\",\"logo\":{\"@type\":\"ImageObject\",\"inLanguage\":\"tr\",\"@id\":\"https:\\\/\\\/isguardianshipcanada.com\\\/tr\\\/#\\\/schema\\\/logo\\\/image\\\/\",\"url\":\"https:\\\/\\\/isguardianshipcanada.com\\\/wp-content\\\/uploads\\\/2016\\\/01\\\/ISGC-Logo-e1453410222848.jpg\",\"contentUrl\":\"https:\\\/\\\/isguardianshipcanada.com\\\/wp-content\\\/uploads\\\/2016\\\/01\\\/ISGC-Logo-e1453410222848.jpg\",\"width\":75,\"height\":67,\"caption\":\"International Student Guardianship Canada Inc.\"},\"image\":{\"@id\":\"https:\\\/\\\/isguardianshipcanada.com\\\/tr\\\/#\\\/schema\\\/logo\\\/image\\\/\"}}]}<\/script>\n<!-- \/ Yoast SEO plugin. -->","yoast_head_json":{"title":"\u00d6\u011frenci Gezileri - International Student Guardianship Canada","robots":{"index":"index","follow":"follow","max-snippet":"max-snippet:-1","max-image-preview":"max-image-preview:large","max-video-preview":"max-video-preview:-1"},"canonical":"https:\/\/isguardianshipcanada.com\/tr\/ogrenci-gezileri\/","og_locale":"tr_TR","og_type":"article","og_title":"\u00d6\u011frenci Gezileri - International Student Guardianship Canada","og_description":"Kanada, b\u00fcy\u00fck \u015fehirleri ve ke\u015ffedilmeyi bekleyen geni\u015f k\u0131rsal alanlara sahip geni\u015f, g\u00fczel ve farkl k\u00fclt\u00fcrlere ev sahipli\u011fi yapan bir \u00fclkedir. T\u00fcm ISGC \u00f6\u011frencileri, y\u0131l boyunca d\u00fczenlenen gezilere kat\u0131labilirler. \u015eehirler Toronto (Kuzey Amerika&#8217;da ki 5. b\u00fcy\u00fck \u015fehir) Ottawa (Kanada&#8217;n\u0131n Ba\u015fkenti) Montreal Vancouver Halifax Manzaralar &amp; Simgesel Yerler Niagara \u015eelaleleri Rocky Da\u011flar\u0131 CN Kulesi \u00a0Louise G\u00f6l\u00fc ve [&hellip;]","og_url":"https:\/\/isguardianshipcanada.com\/tr\/ogrenci-gezileri\/","og_site_name":"International Student Guardianship Canada","article_modified_time":"2019-12-19T16:40:33+00:00","og_image":[{"url":"https:\/\/isguardianshipcanada.com\/wp-content\/uploads\/2016\/02\/kids_header.png","type":"","width":"","height":""}],"twitter_card":"summary_large_image","schema":{"@context":"https:\/\/schema.org","@graph":[{"@type":"WebPage","@id":"https:\/\/isguardianshipcanada.com\/tr\/ogrenci-gezileri\/","url":"https:\/\/isguardianshipcanada.com\/tr\/ogrenci-gezileri\/","name":"\u00d6\u011frenci Gezileri - International Student Guardianship Canada","isPartOf":{"@id":"https:\/\/isguardianshipcanada.com\/tr\/#website"},"primaryImageOfPage":{"@id":"https:\/\/isguardianshipcanada.com\/tr\/ogrenci-gezileri\/#primaryimage"},"image":{"@id":"https:\/\/isguardianshipcanada.com\/tr\/ogrenci-gezileri\/#primaryimage"},"thumbnailUrl":"https:\/\/isguardianshipcanada.com\/wp-content\/uploads\/2016\/02\/kids_header.png","datePublished":"2019-12-19T16:40:32+00:00","dateModified":"2019-12-19T16:40:33+00:00","breadcrumb":{"@id":"https:\/\/isguardianshipcanada.com\/tr\/ogrenci-gezileri\/#breadcrumb"},"inLanguage":"tr","potentialAction":[{"@type":"ReadAction","target":["https:\/\/isguardianshipcanada.com\/tr\/ogrenci-gezileri\/"]}]},{"@type":"ImageObject","inLanguage":"tr","@id":"https:\/\/isguardianshipcanada.com\/tr\/ogrenci-gezileri\/#primaryimage","url":"https:\/\/isguardianshipcanada.com\/wp-content\/uploads\/2016\/02\/kids_header.png","contentUrl":"https:\/\/isguardianshipcanada.com\/wp-content\/uploads\/2016\/02\/kids_header.png"},{"@type":"BreadcrumbList","@id":"https:\/\/isguardianshipcanada.com\/tr\/ogrenci-gezileri\/#breadcrumb","itemListElement":[{"@type":"ListItem","position":1,"name":"Home","item":"https:\/\/isguardianshipcanada.com\/tr\/"},{"@type":"ListItem","position":2,"name":"\u00d6\u011frenci Gezileri"}]},{"@type":"WebSite","@id":"https:\/\/isguardianshipcanada.com\/tr\/#website","url":"https:\/\/isguardianshipcanada.com\/tr\/","name":"International Student Guardianship Canada","description":"Supporting International Students in Canada","publisher":{"@id":"https:\/\/isguardianshipcanada.com\/tr\/#organization"},"potentialAction":[{"@type":"SearchAction","target":{"@type":"EntryPoint","urlTemplate":"https:\/\/isguardianshipcanada.com\/tr\/?s={search_term_string}"},"query-input":{"@type":"PropertyValueSpecification","valueRequired":true,"valueName":"search_term_string"}}],"inLanguage":"tr"},{"@type":"Organization","@id":"https:\/\/isguardianshipcanada.com\/tr\/#organization","name":"International Student Guardianship Canada Inc.","url":"https:\/\/isguardianshipcanada.com\/tr\/","logo":{"@type":"ImageObject","inLanguage":"tr","@id":"https:\/\/isguardianshipcanada.com\/tr\/#\/schema\/logo\/image\/","url":"https:\/\/isguardianshipcanada.com\/wp-content\/uploads\/2016\/01\/ISGC-Logo-e1453410222848.jpg","contentUrl":"https:\/\/isguardianshipcanada.com\/wp-content\/uploads\/2016\/01\/ISGC-Logo-e1453410222848.jpg","width":75,"height":67,"caption":"International Student Guardianship Canada Inc."},"image":{"@id":"https:\/\/isguardianshipcanada.com\/tr\/#\/schema\/logo\/image\/"}}]}},"jetpack_sharing_enabled":true,"jetpack_shortlink":"https:\/\/wp.me\/PeW0RC-3j4","jetpack_likes_enabled":true,"_links":{"self":[{"href":"https:\/\/isguardianshipcanada.com\/tr\/wp-json\/wp\/v2\/pages\/12714","targetHints":{"allow":["GET"]}}],"collection":[{"href":"https:\/\/isguardianshipcanada.com\/tr\/wp-json\/wp\/v2\/pages"}],"about":[{"href":"https:\/\/isguardianshipcanada.com\/tr\/wp-json\/wp\/v2\/types\/page"}],"author":[{"embeddable":true,"href":"https:\/\/isguardianshipcanada.com\/tr\/wp-json\/wp\/v2\/users\/2"}],"replies":[{"embeddable":true,"href":"https:\/\/isguardianshipcanada.com\/tr\/wp-json\/wp\/v2\/comments?post=12714"}],"version-history":[{"count":5,"href":"https:\/\/isguardianshipcanada.com\/tr\/wp-json\/wp\/v2\/pages\/12714\/revisions"}],"predecessor-version":[{"id":12719,"href":"https:\/\/isguardianshipcanada.com\/tr\/wp-json\/wp\/v2\/pages\/12714\/revisions\/12719"}],"wp:attachment":[{"href":"https:\/\/isguardianshipcanada.com\/tr\/wp-json\/wp\/v2\/media?parent=12714"}],"wp:term":[{"taxonomy":"category","embeddable":true,"href":"https:\/\/isguardianshipcanada.com\/tr\/wp-json\/wp\/v2\/categories?post=12714"},{"taxonomy":"post_tag","embeddable":true,"href":"https:\/\/isguardianshipcanada.com\/tr\/wp-json\/wp\/v2\/tags?post=12714"}],"curies":[{"name":"wp","href":"https:\/\/api.w.org\/{rel}","templated":true}]}}