{"id":12670,"date":"2019-12-19T10:37:04","date_gmt":"2019-12-19T15:37:04","guid":{"rendered":"https:\/\/isguardianshipcanada.com\/isgc-gocmenlik-hizmetleri\/"},"modified":"2019-12-19T11:07:01","modified_gmt":"2019-12-19T16:07:01","slug":"isgc-gocmenlik-hizmetleri","status":"publish","type":"page","link":"https:\/\/isguardianshipcanada.com\/tr\/isgc-gocmenlik-hizmetleri\/","title":{"rendered":"ISGC G\u00f6\u00e7menlik Hizmetleri"},"content":{"rendered":"\t\t<div data-elementor-type=\"wp-post\" data-elementor-id=\"12670\" class=\"elementor elementor-12670 elementor-346\" data-elementor-post-type=\"page\">\n\t\t\t\t\t\t<section class=\"elementor-section elementor-top-section elementor-element elementor-element-12641cde elementor-section-boxed elementor-section-height-default elementor-section-height-default\" data-id=\"12641cde\" data-element_type=\"section\" data-e-type=\"section\">\n\t\t\t\t\t\t<div class=\"elementor-container elementor-column-gap-default\">\n\t\t\t\t\t<div class=\"elementor-column elementor-col-100 elementor-top-column elementor-element elementor-element-3c5456a7\" data-id=\"3c5456a7\" data-element_type=\"column\" data-e-type=\"column\">\n\t\t\t<div class=\"elementor-widget-wrap elementor-element-populated\">\n\t\t\t\t\t\t<section class=\"elementor-section elementor-inner-section elementor-element elementor-element-6318d8db elementor-section-boxed elementor-section-height-default elementor-section-height-default\" data-id=\"6318d8db\" data-element_type=\"section\" data-e-type=\"section\">\n\t\t\t\t\t\t<div class=\"elementor-container elementor-column-gap-no\">\n\t\t\t\t\t<div class=\"elementor-column elementor-col-50 elementor-inner-column elementor-element elementor-element-39241f18\" data-id=\"39241f18\" data-element_type=\"column\" data-e-type=\"column\">\n\t\t\t<div class=\"elementor-widget-wrap elementor-element-populated\">\n\t\t\t\t\t\t<div class=\"elementor-element elementor-element-4381654b elementor-widget elementor-widget-heading\" data-id=\"4381654b\" data-element_type=\"widget\" data-e-type=\"widget\" data-widget_type=\"heading.default\">\n\t\t\t\t<div class=\"elementor-widget-container\">\n\t\t\t\t\t<h1 class=\"elementor-heading-title elementor-size-default\">ISGC G\u00f6\u00e7menlik Hizmetleri<\/h1>\t\t\t\t<\/div>\n\t\t\t\t<\/div>\n\t\t\t\t\t<\/div>\n\t\t<\/div>\n\t\t\t\t<div class=\"elementor-column elementor-col-50 elementor-inner-column elementor-element elementor-element-2ff1da97\" data-id=\"2ff1da97\" data-element_type=\"column\" data-e-type=\"column\">\n\t\t\t<div class=\"elementor-widget-wrap elementor-element-populated\">\n\t\t\t\t\t\t<div class=\"elementor-element elementor-element-299c57ea elementor-widget elementor-widget-image\" data-id=\"299c57ea\" data-element_type=\"widget\" data-e-type=\"widget\" data-widget_type=\"image.default\">\n\t\t\t\t<div class=\"elementor-widget-container\">\n\t\t\t\t\t\t\t\t\t\t\t\t\t\t\t<img decoding=\"async\" data-attachment-id=\"11718\" data-permalink=\"https:\/\/isguardianshipcanada.com\/tr\/isgc-ogrenci-servisleri\/kids_header-2\/\" data-orig-file=\"https:\/\/isguardianshipcanada.com\/wp-content\/uploads\/2016\/02\/kids_header.png\" data-orig-size=\"262,150\" data-comments-opened=\"0\" data-image-meta=\"{&quot;aperture&quot;:&quot;0&quot;,&quot;credit&quot;:&quot;&quot;,&quot;camera&quot;:&quot;&quot;,&quot;caption&quot;:&quot;&quot;,&quot;created_timestamp&quot;:&quot;0&quot;,&quot;copyright&quot;:&quot;&quot;,&quot;focal_length&quot;:&quot;0&quot;,&quot;iso&quot;:&quot;0&quot;,&quot;shutter_speed&quot;:&quot;0&quot;,&quot;title&quot;:&quot;&quot;,&quot;orientation&quot;:&quot;0&quot;}\" data-image-title=\"kids_header\" data-image-description=\"\" data-image-caption=\"\" data-medium-file=\"https:\/\/isguardianshipcanada.com\/wp-content\/uploads\/2016\/02\/kids_header.png\" data-large-file=\"https:\/\/isguardianshipcanada.com\/wp-content\/uploads\/2016\/02\/kids_header.png\" width=\"262\" height=\"150\" src=\"https:\/\/isguardianshipcanada.com\/wp-content\/uploads\/2016\/02\/kids_header.png\" class=\"attachment-large size-large wp-image-11718\" alt=\"\" data-attachment-id=\"11718\" data-permalink=\"https:\/\/isguardianshipcanada.com\/tr\/isgc-ogrenci-servisleri\/kids_header-2\/\" data-orig-file=\"https:\/\/isguardianshipcanada.com\/wp-content\/uploads\/2016\/02\/kids_header.png\" data-orig-size=\"262,150\" data-comments-opened=\"0\" data-image-meta=\"{&quot;aperture&quot;:&quot;0&quot;,&quot;credit&quot;:&quot;&quot;,&quot;camera&quot;:&quot;&quot;,&quot;caption&quot;:&quot;&quot;,&quot;created_timestamp&quot;:&quot;0&quot;,&quot;copyright&quot;:&quot;&quot;,&quot;focal_length&quot;:&quot;0&quot;,&quot;iso&quot;:&quot;0&quot;,&quot;shutter_speed&quot;:&quot;0&quot;,&quot;title&quot;:&quot;&quot;,&quot;orientation&quot;:&quot;0&quot;}\" data-image-title=\"kids_header\" data-image-description=\"\" data-image-caption=\"\" data-medium-file=\"https:\/\/isguardianshipcanada.com\/wp-content\/uploads\/2016\/02\/kids_header.png\" data-large-file=\"https:\/\/isguardianshipcanada.com\/wp-content\/uploads\/2016\/02\/kids_header.png\" \/>\t\t\t\t\t\t\t\t\t\t\t\t\t\t\t<\/div>\n\t\t\t\t<\/div>\n\t\t\t\t\t<\/div>\n\t\t<\/div>\n\t\t\t\t\t<\/div>\n\t\t<\/section>\n\t\t\t\t\t<\/div>\n\t\t<\/div>\n\t\t\t\t\t<\/div>\n\t\t<\/section>\n\t\t\t\t<section class=\"elementor-section elementor-top-section elementor-element elementor-element-f0ac8ef elementor-section-boxed elementor-section-height-default elementor-section-height-default\" data-id=\"f0ac8ef\" data-element_type=\"section\" data-e-type=\"section\">\n\t\t\t\t\t\t<div class=\"elementor-container elementor-column-gap-default\">\n\t\t\t\t\t<div class=\"elementor-column elementor-col-100 elementor-top-column elementor-element elementor-element-c1eb8fc\" data-id=\"c1eb8fc\" data-element_type=\"column\" data-e-type=\"column\">\n\t\t\t<div class=\"elementor-widget-wrap elementor-element-populated\">\n\t\t\t\t\t\t<div class=\"elementor-element elementor-element-c00c2fe elementor-widget elementor-widget-text-editor\" data-id=\"c00c2fe\" data-element_type=\"widget\" data-e-type=\"widget\" data-widget_type=\"text-editor.default\">\n\t\t\t\t<div class=\"elementor-widget-container\">\n\t\t\t\t\t\t\t\t\t<p>Kanada&#8217;da e\u011fitim alman\u0131n \u00f6nemli bir ad\u0131m\u0131, uygun g\u00f6\u00e7 uygulamalar\u0131n\u0131n ve prosed\u00fcrlerinin takip edilmesini ve tamamlanmas\u0131n\u0131 sa\u011flamakt\u0131r. Yeni ve geri d\u00f6nen \u00f6\u011frencilere seyahat vizeleri de dahil olmak \u00fczere resmi bir g\u00f6\u00e7menlik dan\u0131\u015fman\u0131 arac\u0131l\u0131\u011f\u0131yla g\u00f6\u00e7menlik deste\u011fi sunuyoruz.<\/p>\n\t\t\t\t\t\t\t\t<\/div>\n\t\t\t\t<\/div>\n\t\t\t\t\t<\/div>\n\t\t<\/div>\n\t\t\t\t\t<\/div>\n\t\t<\/section>\n\t\t\t\t<section class=\"elementor-section elementor-top-section elementor-element elementor-element-2d6548ca elementor-section-boxed elementor-section-height-default elementor-section-height-default\" data-id=\"2d6548ca\" data-element_type=\"section\" data-e-type=\"section\">\n\t\t\t\t\t\t<div class=\"elementor-container elementor-column-gap-default\">\n\t\t\t\t\t<div class=\"elementor-column elementor-col-50 elementor-top-column elementor-element elementor-element-54f4edfc\" data-id=\"54f4edfc\" data-element_type=\"column\" data-e-type=\"column\">\n\t\t\t<div class=\"elementor-widget-wrap elementor-element-populated\">\n\t\t\t\t\t\t<div class=\"elementor-element elementor-element-1dc5a771 elementor-widget elementor-widget-text-editor\" data-id=\"1dc5a771\" data-element_type=\"widget\" data-e-type=\"widget\" data-widget_type=\"text-editor.default\">\n\t\t\t\t<div class=\"elementor-widget-container\">\n\t\t\t\t\t\t\t\t\t<p><\/p>\n<h2 style=\"text-align: center;\">ISGC G\u00f6\u00e7menlik Hizmetleri:<\/h2>\n<p style=\"text-align: center;\">Kanada vizesi<\/p>\n<p style=\"text-align: center;\">\u00d6\u011frenci izni<\/p>\n<p style=\"text-align: center;\">Seyahat vizesi<\/p>\n<p style=\"text-align: center;\">Transkriptin onaylanmas\u0131<\/p>\n<p style=\"text-align: center;\">Noter i\u015flemleri<\/p>\n<p style=\"text-align: center;\">Davet mektuplar\u0131<\/p>\n<p style=\"text-align: center;\">Konsolosluk ziyaretleri<\/p>\n<p><\/p>\n\t\t\t\t\t\t\t\t<\/div>\n\t\t\t\t<\/div>\n\t\t\t\t\t<\/div>\n\t\t<\/div>\n\t\t\t\t<div class=\"elementor-column elementor-col-50 elementor-top-column elementor-element elementor-element-236ac1c\" data-id=\"236ac1c\" data-element_type=\"column\" data-e-type=\"column\">\n\t\t\t<div class=\"elementor-widget-wrap elementor-element-populated\">\n\t\t\t\t\t\t<div class=\"elementor-element elementor-element-c8e6188 elementor-cta--skin-classic elementor-animated-content elementor-bg-transform elementor-bg-transform-zoom-in elementor-widget elementor-widget-call-to-action\" data-id=\"c8e6188\" data-element_type=\"widget\" data-e-type=\"widget\" data-widget_type=\"call-to-action.default\">\n\t\t\t\t<div class=\"elementor-widget-container\">\n\t\t\t\t\t\t\t<div class=\"elementor-cta\">\n\t\t\t\t\t\t\t<div class=\"elementor-cta__content\">\n\t\t\t\t\n\t\t\t\t\t\t\t\t\t<h2 class=\"elementor-cta__title elementor-cta__content-item elementor-content-item\">\n\t\t\t\t\t\tG\u00d6\u00c7MENL\u0130K hakk\u0131nda daha fazla bilgi i\u00e7in\t\t\t\t\t<\/h2>\n\t\t\t\t\n\t\t\t\t\n\t\t\t\t\t\t\t\t\t<div class=\"elementor-cta__button-wrapper elementor-cta__content-item elementor-content-item \">\n\t\t\t\t\t<a class=\"elementor-cta__button elementor-button elementor-size-\" href=\"\/?page_id=65\">\n\t\t\t\t\t\tBize Ula\u015f\u0131n\t\t\t\t\t<\/a>\n\t\t\t\t\t<\/div>\n\t\t\t\t\t\t\t<\/div>\n\t\t\t\t\t\t<\/div>\n\t\t\t\t\t\t<\/div>\n\t\t\t\t<\/div>\n\t\t\t\t\t<\/div>\n\t\t<\/div>\n\t\t\t\t\t<\/div>\n\t\t<\/section>\n\t\t\t\t<\/div>\n\t\t","protected":false},"excerpt":{"rendered":"<p>Kanada&#8217;da e\u011fitim alman\u0131n \u00f6nemli bir ad\u0131m\u0131, uygun g\u00f6\u00e7 uygulamalar\u0131n\u0131n ve prosed\u00fcrlerinin takip edilmesini ve tamamlanmas\u0131n\u0131 sa\u011flamakt\u0131r. Yeni ve geri d\u00f6nen \u00f6\u011frencilere seyahat vizeleri de dahil olmak \u00fczere resmi bir g\u00f6\u00e7menlik dan\u0131\u015fman\u0131 arac\u0131l\u0131\u011f\u0131yla g\u00f6\u00e7menlik deste\u011fi sunuyoruz. G\u00d6\u00c7MENL\u0130K hakk\u0131nda daha fazla bilgi i\u00e7in Bize Ula\u015f\u0131n<\/p>\n","protected":false},"author":2,"featured_media":0,"parent":0,"menu_order":0,"comment_status":"closed","ping_status":"closed","template":"","meta":{"_acf_changed":false,"ocean_post_layout":"","ocean_both_sidebars_style":"","ocean_both_sidebars_content_width":0,"ocean_both_sidebars_sidebars_width":0,"ocean_sidebar":"","ocean_second_sidebar":"","ocean_disable_margins":"enable","ocean_add_body_class":"","ocean_shortcode_before_top_bar":"","ocean_shortcode_after_top_bar":"","ocean_shortcode_before_header":"","ocean_shortcode_after_header":"","ocean_has_shortcode":"","ocean_shortcode_after_title":"","ocean_shortcode_before_footer_widgets":"","ocean_shortcode_after_footer_widgets":"","ocean_shortcode_before_footer_bottom":"","ocean_shortcode_after_footer_bottom":"","ocean_display_top_bar":"default","ocean_display_header":"default","ocean_header_style":"","ocean_center_header_left_menu":"","ocean_custom_header_template":"","ocean_custom_logo":0,"ocean_custom_retina_logo":0,"ocean_custom_logo_max_width":0,"ocean_custom_logo_tablet_max_width":0,"ocean_custom_logo_mobile_max_width":0,"ocean_custom_logo_max_height":0,"ocean_custom_logo_tablet_max_height":0,"ocean_custom_logo_mobile_max_height":0,"ocean_header_custom_menu":"","ocean_menu_typo_font_family":"","ocean_menu_typo_font_subset":"","ocean_menu_typo_font_size":0,"ocean_menu_typo_font_size_tablet":0,"ocean_menu_typo_font_size_mobile":0,"ocean_menu_typo_font_size_unit":"px","ocean_menu_typo_font_weight":"","ocean_menu_typo_font_weight_tablet":"","ocean_menu_typo_font_weight_mobile":"","ocean_menu_typo_transform":"","ocean_menu_typo_transform_tablet":"","ocean_menu_typo_transform_mobile":"","ocean_menu_typo_line_height":0,"ocean_menu_typo_line_height_tablet":0,"ocean_menu_typo_line_height_mobile":0,"ocean_menu_typo_line_height_unit":"","ocean_menu_typo_spacing":0,"ocean_menu_typo_spacing_tablet":0,"ocean_menu_typo_spacing_mobile":0,"ocean_menu_typo_spacing_unit":"","ocean_menu_link_color":"","ocean_menu_link_color_hover":"","ocean_menu_link_color_active":"","ocean_menu_link_background":"","ocean_menu_link_hover_background":"","ocean_menu_link_active_background":"","ocean_menu_social_links_bg":"","ocean_menu_social_hover_links_bg":"","ocean_menu_social_links_color":"","ocean_menu_social_hover_links_color":"","ocean_disable_title":"default","ocean_disable_heading":"default","ocean_post_title":"","ocean_post_subheading":"","ocean_post_title_style":"","ocean_post_title_background_color":"","ocean_post_title_background":0,"ocean_post_title_bg_image_position":"","ocean_post_title_bg_image_attachment":"","ocean_post_title_bg_image_repeat":"","ocean_post_title_bg_image_size":"","ocean_post_title_height":0,"ocean_post_title_bg_overlay":0.5,"ocean_post_title_bg_overlay_color":"","ocean_disable_breadcrumbs":"default","ocean_breadcrumbs_color":"","ocean_breadcrumbs_separator_color":"","ocean_breadcrumbs_links_color":"","ocean_breadcrumbs_links_hover_color":"","ocean_display_footer_widgets":"default","ocean_display_footer_bottom":"default","ocean_custom_footer_template":"","jetpack_post_was_ever_published":false,"footnotes":""},"categories":[],"tags":[],"class_list":["post-12670","page","type-page","status-publish","hentry","entry","owp-thumbs-layout-horizontal","owp-btn-normal","owp-tabs-layout-horizontal","has-no-thumbnails","has-product-nav"],"acf":[],"yoast_head":"<!-- This site is optimized with the Yoast SEO plugin v27.3 - https:\/\/yoast.com\/product\/yoast-seo-wordpress\/ -->\n<title>ISGC G\u00f6\u00e7menlik Hizmetleri - International Student Guardianship Canada<\/title>\n<meta name=\"robots\" content=\"index, follow, max-snippet:-1, max-image-preview:large, max-video-preview:-1\" \/>\n<link rel=\"canonical\" href=\"https:\/\/isguardianshipcanada.com\/tr\/isgc-gocmenlik-hizmetleri\/\" \/>\n<meta property=\"og:locale\" content=\"tr_TR\" \/>\n<meta property=\"og:type\" content=\"article\" \/>\n<meta property=\"og:title\" content=\"ISGC G\u00f6\u00e7menlik Hizmetleri - International Student Guardianship Canada\" \/>\n<meta property=\"og:description\" content=\"Kanada&#8217;da e\u011fitim alman\u0131n \u00f6nemli bir ad\u0131m\u0131, uygun g\u00f6\u00e7 uygulamalar\u0131n\u0131n ve prosed\u00fcrlerinin takip edilmesini ve tamamlanmas\u0131n\u0131 sa\u011flamakt\u0131r. Yeni ve geri d\u00f6nen \u00f6\u011frencilere seyahat vizeleri de dahil olmak \u00fczere resmi bir g\u00f6\u00e7menlik dan\u0131\u015fman\u0131 arac\u0131l\u0131\u011f\u0131yla g\u00f6\u00e7menlik deste\u011fi sunuyoruz. G\u00d6\u00c7MENL\u0130K hakk\u0131nda daha fazla bilgi i\u00e7in Bize Ula\u015f\u0131n\" \/>\n<meta property=\"og:url\" content=\"https:\/\/isguardianshipcanada.com\/tr\/isgc-gocmenlik-hizmetleri\/\" \/>\n<meta property=\"og:site_name\" content=\"International Student Guardianship Canada\" \/>\n<meta property=\"article:modified_time\" content=\"2019-12-19T16:07:01+00:00\" \/>\n<meta property=\"og:image\" content=\"https:\/\/isguardianshipcanada.com\/wp-content\/uploads\/2016\/02\/kids_header.png\" \/>\n<meta name=\"twitter:card\" content=\"summary_large_image\" \/>\n<script type=\"application\/ld+json\" class=\"yoast-schema-graph\">{\"@context\":\"https:\\\/\\\/schema.org\",\"@graph\":[{\"@type\":\"WebPage\",\"@id\":\"https:\\\/\\\/isguardianshipcanada.com\\\/tr\\\/isgc-gocmenlik-hizmetleri\\\/\",\"url\":\"https:\\\/\\\/isguardianshipcanada.com\\\/tr\\\/isgc-gocmenlik-hizmetleri\\\/\",\"name\":\"ISGC G\u00f6\u00e7menlik Hizmetleri - International Student Guardianship Canada\",\"isPartOf\":{\"@id\":\"https:\\\/\\\/isguardianshipcanada.com\\\/tr\\\/#website\"},\"primaryImageOfPage\":{\"@id\":\"https:\\\/\\\/isguardianshipcanada.com\\\/tr\\\/isgc-gocmenlik-hizmetleri\\\/#primaryimage\"},\"image\":{\"@id\":\"https:\\\/\\\/isguardianshipcanada.com\\\/tr\\\/isgc-gocmenlik-hizmetleri\\\/#primaryimage\"},\"thumbnailUrl\":\"https:\\\/\\\/isguardianshipcanada.com\\\/wp-content\\\/uploads\\\/2016\\\/02\\\/kids_header.png\",\"datePublished\":\"2019-12-19T15:37:04+00:00\",\"dateModified\":\"2019-12-19T16:07:01+00:00\",\"breadcrumb\":{\"@id\":\"https:\\\/\\\/isguardianshipcanada.com\\\/tr\\\/isgc-gocmenlik-hizmetleri\\\/#breadcrumb\"},\"inLanguage\":\"tr\",\"potentialAction\":[{\"@type\":\"ReadAction\",\"target\":[\"https:\\\/\\\/isguardianshipcanada.com\\\/tr\\\/isgc-gocmenlik-hizmetleri\\\/\"]}]},{\"@type\":\"ImageObject\",\"inLanguage\":\"tr\",\"@id\":\"https:\\\/\\\/isguardianshipcanada.com\\\/tr\\\/isgc-gocmenlik-hizmetleri\\\/#primaryimage\",\"url\":\"https:\\\/\\\/isguardianshipcanada.com\\\/wp-content\\\/uploads\\\/2016\\\/02\\\/kids_header.png\",\"contentUrl\":\"https:\\\/\\\/isguardianshipcanada.com\\\/wp-content\\\/uploads\\\/2016\\\/02\\\/kids_header.png\"},{\"@type\":\"BreadcrumbList\",\"@id\":\"https:\\\/\\\/isguardianshipcanada.com\\\/tr\\\/isgc-gocmenlik-hizmetleri\\\/#breadcrumb\",\"itemListElement\":[{\"@type\":\"ListItem\",\"position\":1,\"name\":\"Home\",\"item\":\"https:\\\/\\\/isguardianshipcanada.com\\\/tr\\\/\"},{\"@type\":\"ListItem\",\"position\":2,\"name\":\"ISGC G\u00f6\u00e7menlik Hizmetleri\"}]},{\"@type\":\"WebSite\",\"@id\":\"https:\\\/\\\/isguardianshipcanada.com\\\/tr\\\/#website\",\"url\":\"https:\\\/\\\/isguardianshipcanada.com\\\/tr\\\/\",\"name\":\"International Student Guardianship Canada\",\"description\":\"Supporting International Students in Canada\",\"publisher\":{\"@id\":\"https:\\\/\\\/isguardianshipcanada.com\\\/tr\\\/#organization\"},\"potentialAction\":[{\"@type\":\"SearchAction\",\"target\":{\"@type\":\"EntryPoint\",\"urlTemplate\":\"https:\\\/\\\/isguardianshipcanada.com\\\/tr\\\/?s={search_term_string}\"},\"query-input\":{\"@type\":\"PropertyValueSpecification\",\"valueRequired\":true,\"valueName\":\"search_term_string\"}}],\"inLanguage\":\"tr\"},{\"@type\":\"Organization\",\"@id\":\"https:\\\/\\\/isguardianshipcanada.com\\\/tr\\\/#organization\",\"name\":\"International Student Guardianship Canada Inc.\",\"url\":\"https:\\\/\\\/isguardianshipcanada.com\\\/tr\\\/\",\"logo\":{\"@type\":\"ImageObject\",\"inLanguage\":\"tr\",\"@id\":\"https:\\\/\\\/isguardianshipcanada.com\\\/tr\\\/#\\\/schema\\\/logo\\\/image\\\/\",\"url\":\"https:\\\/\\\/isguardianshipcanada.com\\\/wp-content\\\/uploads\\\/2016\\\/01\\\/ISGC-Logo-e1453410222848.jpg\",\"contentUrl\":\"https:\\\/\\\/isguardianshipcanada.com\\\/wp-content\\\/uploads\\\/2016\\\/01\\\/ISGC-Logo-e1453410222848.jpg\",\"width\":75,\"height\":67,\"caption\":\"International Student Guardianship Canada Inc.\"},\"image\":{\"@id\":\"https:\\\/\\\/isguardianshipcanada.com\\\/tr\\\/#\\\/schema\\\/logo\\\/image\\\/\"}}]}<\/script>\n<!-- \/ Yoast SEO plugin. -->","yoast_head_json":{"title":"ISGC G\u00f6\u00e7menlik Hizmetleri - International Student Guardianship Canada","robots":{"index":"index","follow":"follow","max-snippet":"max-snippet:-1","max-image-preview":"max-image-preview:large","max-video-preview":"max-video-preview:-1"},"canonical":"https:\/\/isguardianshipcanada.com\/tr\/isgc-gocmenlik-hizmetleri\/","og_locale":"tr_TR","og_type":"article","og_title":"ISGC G\u00f6\u00e7menlik Hizmetleri - International Student Guardianship Canada","og_description":"Kanada&#8217;da e\u011fitim alman\u0131n \u00f6nemli bir ad\u0131m\u0131, uygun g\u00f6\u00e7 uygulamalar\u0131n\u0131n ve prosed\u00fcrlerinin takip edilmesini ve tamamlanmas\u0131n\u0131 sa\u011flamakt\u0131r. Yeni ve geri d\u00f6nen \u00f6\u011frencilere seyahat vizeleri de dahil olmak \u00fczere resmi bir g\u00f6\u00e7menlik dan\u0131\u015fman\u0131 arac\u0131l\u0131\u011f\u0131yla g\u00f6\u00e7menlik deste\u011fi sunuyoruz. G\u00d6\u00c7MENL\u0130K hakk\u0131nda daha fazla bilgi i\u00e7in Bize Ula\u015f\u0131n","og_url":"https:\/\/isguardianshipcanada.com\/tr\/isgc-gocmenlik-hizmetleri\/","og_site_name":"International Student Guardianship Canada","article_modified_time":"2019-12-19T16:07:01+00:00","og_image":[{"url":"https:\/\/isguardianshipcanada.com\/wp-content\/uploads\/2016\/02\/kids_header.png","type":"","width":"","height":""}],"twitter_card":"summary_large_image","schema":{"@context":"https:\/\/schema.org","@graph":[{"@type":"WebPage","@id":"https:\/\/isguardianshipcanada.com\/tr\/isgc-gocmenlik-hizmetleri\/","url":"https:\/\/isguardianshipcanada.com\/tr\/isgc-gocmenlik-hizmetleri\/","name":"ISGC G\u00f6\u00e7menlik Hizmetleri - International Student Guardianship Canada","isPartOf":{"@id":"https:\/\/isguardianshipcanada.com\/tr\/#website"},"primaryImageOfPage":{"@id":"https:\/\/isguardianshipcanada.com\/tr\/isgc-gocmenlik-hizmetleri\/#primaryimage"},"image":{"@id":"https:\/\/isguardianshipcanada.com\/tr\/isgc-gocmenlik-hizmetleri\/#primaryimage"},"thumbnailUrl":"https:\/\/isguardianshipcanada.com\/wp-content\/uploads\/2016\/02\/kids_header.png","datePublished":"2019-12-19T15:37:04+00:00","dateModified":"2019-12-19T16:07:01+00:00","breadcrumb":{"@id":"https:\/\/isguardianshipcanada.com\/tr\/isgc-gocmenlik-hizmetleri\/#breadcrumb"},"inLanguage":"tr","potentialAction":[{"@type":"ReadAction","target":["https:\/\/isguardianshipcanada.com\/tr\/isgc-gocmenlik-hizmetleri\/"]}]},{"@type":"ImageObject","inLanguage":"tr","@id":"https:\/\/isguardianshipcanada.com\/tr\/isgc-gocmenlik-hizmetleri\/#primaryimage","url":"https:\/\/isguardianshipcanada.com\/wp-content\/uploads\/2016\/02\/kids_header.png","contentUrl":"https:\/\/isguardianshipcanada.com\/wp-content\/uploads\/2016\/02\/kids_header.png"},{"@type":"BreadcrumbList","@id":"https:\/\/isguardianshipcanada.com\/tr\/isgc-gocmenlik-hizmetleri\/#breadcrumb","itemListElement":[{"@type":"ListItem","position":1,"name":"Home","item":"https:\/\/isguardianshipcanada.com\/tr\/"},{"@type":"ListItem","position":2,"name":"ISGC G\u00f6\u00e7menlik Hizmetleri"}]},{"@type":"WebSite","@id":"https:\/\/isguardianshipcanada.com\/tr\/#website","url":"https:\/\/isguardianshipcanada.com\/tr\/","name":"International Student Guardianship Canada","description":"Supporting International Students in Canada","publisher":{"@id":"https:\/\/isguardianshipcanada.com\/tr\/#organization"},"potentialAction":[{"@type":"SearchAction","target":{"@type":"EntryPoint","urlTemplate":"https:\/\/isguardianshipcanada.com\/tr\/?s={search_term_string}"},"query-input":{"@type":"PropertyValueSpecification","valueRequired":true,"valueName":"search_term_string"}}],"inLanguage":"tr"},{"@type":"Organization","@id":"https:\/\/isguardianshipcanada.com\/tr\/#organization","name":"International Student Guardianship Canada Inc.","url":"https:\/\/isguardianshipcanada.com\/tr\/","logo":{"@type":"ImageObject","inLanguage":"tr","@id":"https:\/\/isguardianshipcanada.com\/tr\/#\/schema\/logo\/image\/","url":"https:\/\/isguardianshipcanada.com\/wp-content\/uploads\/2016\/01\/ISGC-Logo-e1453410222848.jpg","contentUrl":"https:\/\/isguardianshipcanada.com\/wp-content\/uploads\/2016\/01\/ISGC-Logo-e1453410222848.jpg","width":75,"height":67,"caption":"International Student Guardianship Canada Inc."},"image":{"@id":"https:\/\/isguardianshipcanada.com\/tr\/#\/schema\/logo\/image\/"}}]}},"jetpack_sharing_enabled":true,"jetpack_shortlink":"https:\/\/wp.me\/PeW0RC-3im","jetpack_likes_enabled":true,"_links":{"self":[{"href":"https:\/\/isguardianshipcanada.com\/tr\/wp-json\/wp\/v2\/pages\/12670","targetHints":{"allow":["GET"]}}],"collection":[{"href":"https:\/\/isguardianshipcanada.com\/tr\/wp-json\/wp\/v2\/pages"}],"about":[{"href":"https:\/\/isguardianshipcanada.com\/tr\/wp-json\/wp\/v2\/types\/page"}],"author":[{"embeddable":true,"href":"https:\/\/isguardianshipcanada.com\/tr\/wp-json\/wp\/v2\/users\/2"}],"replies":[{"embeddable":true,"href":"https:\/\/isguardianshipcanada.com\/tr\/wp-json\/wp\/v2\/comments?post=12670"}],"version-history":[{"count":17,"href":"https:\/\/isguardianshipcanada.com\/tr\/wp-json\/wp\/v2\/pages\/12670\/revisions"}],"predecessor-version":[{"id":12713,"href":"https:\/\/isguardianshipcanada.com\/tr\/wp-json\/wp\/v2\/pages\/12670\/revisions\/12713"}],"wp:attachment":[{"href":"https:\/\/isguardianshipcanada.com\/tr\/wp-json\/wp\/v2\/media?parent=12670"}],"wp:term":[{"taxonomy":"category","embeddable":true,"href":"https:\/\/isguardianshipcanada.com\/tr\/wp-json\/wp\/v2\/categories?post=12670"},{"taxonomy":"post_tag","embeddable":true,"href":"https:\/\/isguardianshipcanada.com\/tr\/wp-json\/wp\/v2\/tags?post=12670"}],"curies":[{"name":"wp","href":"https:\/\/api.w.org\/{rel}","templated":true}]}}